{"id":982,"date":"2026-03-24T02:06:17","date_gmt":"2026-03-24T02:06:17","guid":{"rendered":"https:\/\/feller.easiwin.cn\/?post_type=product&#038;p=982"},"modified":"2026-03-24T02:06:18","modified_gmt":"2026-03-24T02:06:18","slug":"f6-performance-tier-5w-30-5w-40-sp-full-synthetic-engine-oil","status":"publish","type":"product","link":"https:\/\/felleroil.com\/vi\/product\/f6-performance-tier-5w-30-5w-40-sp-full-synthetic-engine-oil\/","title":{"rendered":"D\u1ea7u \u0110\u1ed9ng c\u01a1 T\u1ed5ng h\u1ee3p \u0110\u1ea7y \u0111\u1ee7 F6 Performance Tier 5W-30 \/ 5W-40 SP"},"content":{"rendered":"<h2 class=\"wp-block-heading\" id=\"product-overview\">T\u1ed5ng quan s\u1ea3n ph\u1ea9m<\/h2>\n\n\n\n<p>D\u00f2ng F6 Performance Tier 5W-30 v\u00e0 5W-40 SP \u0111\u1ea1i di\u1ec7n cho s\u1ef1 c\u00e2n b\u1eb1ng v\u01b0\u1ee3t tr\u1ed9i gi\u1eefa hi\u1ec7u su\u1ea5t cao c\u1ea5p v\u00e0 gi\u00e1 tr\u1ecb th\u01b0\u01a1ng m\u1ea1i trong d\u00f2ng s\u1ea3n ph\u1ea9m ROCKEFELLER. C\u00e1c d\u1ea7u nh\u1eddn n\u00e0y \u0111\u01b0\u1ee3c pha ch\u1ebf s\u1eed d\u1ee5ng <strong>d\u1ea7u g\u1ed1c hydro h\u00f3a s\u00e2u<\/strong> \u2014 quy tr\u00ecnh tinh ch\u1ebf lo\u1ea1i b\u1ecf t\u1ea1p ch\u1ea5t \u0111\u1ec3 t\u1ea1o d\u1ea7u g\u1ed1c s\u1ea1ch v\u00e0 \u1ed5n \u0111\u1ecbnh v\u01b0\u1ee3t tr\u1ed9i \u2014 k\u1ebft h\u1ee3p v\u1edbi \u0111a d\u1ea1ng g\u00f3i ph\u1ee5 gia c\u00f4ng ngh\u1ec7 cao \u0111\u00e1p \u1ee9ng ho\u1eb7c v\u01b0\u1ee3t qu\u00e1 c\u00e1c gi\u1edbi h\u1ea1n ti\u00eau chu\u1ea9n ng\u00e0nh <strong>API SP<\/strong> nghi\u00eam ng\u1eb7t.<\/p>\n\n\n\n<p>Ch\u1ec9 \u0111\u1ecbnh <strong>ACEA C3<\/strong> ph\u00e2n lo\u1ea1i n\u00e0y c\u00f2n x\u00e1c nh\u1eadn r\u1eb1ng c\u00e1c lo\u1ea1i d\u1ea7u n\u00e0y \u0111\u01b0\u1ee3c thi\u1ebft k\u1ebf cho \u0111\u1ed9ng c\u01a1 ch\u00e2u \u00c2u ti\u00ean ti\u1ebfn trang b\u1ecb h\u1ec7 th\u1ed1ng x\u1eed l\u00fd kh\u00ed th\u1ea3i, bao g\u1ed3m B\u1ed9 l\u1ecdc H\u1ea1t x\u0103ng (GPF), B\u1ed9 l\u1ecdc H\u1ea1t Diesel (DPF) v\u00e0 B\u1ed9 chuy\u1ec3n h\u00f3a Ba chi\u1ec1u (TWC). C\u00f4ng th\u1ee9c ti\u00ean ti\u1ebfn low-SAPS v\u1edbi l\u01b0u hu\u1ef3nh th\u1ea5p, ph\u1ed1t pho th\u1ea5p v\u00e0 tro th\u1ea5p \u0111\u1ea3m b\u1ea3o c\u00e1c b\u1ed9 ph\u1eadn ki\u1ec3m so\u00e1t kh\u00ed th\u1ea3i nh\u1ea1y c\u1ea3m n\u00e0y \u0111\u01b0\u1ee3c b\u1ea3o v\u1ec7 su\u1ed1t v\u00f2ng \u0111\u1eddi d\u1ea7u.<\/p>\n\n\n\n<p>C\u1ea3 hai \u0111\u1ed9 nh\u1edbt \u0111\u1ec1u \u0111\u01b0\u1ee3c s\u1ea3n xu\u1ea5t theo ti\u00eau chu\u1ea9n h\u00e0nh ch\u00ednh <strong>Q\/KCYG003-2023<\/strong> v\u00e0 c\u00f3 th\u1eddi h\u1ea1n s\u1eed d\u1ee5ng n\u0103m n\u0103m, \u0111\u1ea3m b\u1ea3o ch\u1ea5t l\u01b0\u1ee3ng nh\u1ea5t qu\u00e1n t\u1eeb d\u00e2y chuy\u1ec1n s\u1ea3n xu\u1ea5t \u0111\u1ebfn \u0111i\u1ec3m b\u00e1n.<\/p>\n\n\n\n<h2 class=\"wp-block-heading\" id=\"key-functional-features-and-performance-benefits\">C\u00e1c T\u00ednh n\u0103ng Ch\u1ee9c n\u0103ng Ch\u00ednh v\u00e0 L\u1ee3i \u00edch Hi\u1ec7u su\u1ea5t<\/h2>\n\n\n\n<p><strong>\u2605 D\u1ea7u G\u1ed1c T\u1ed5ng h\u1ee3p Hydro h\u00f3a S\u00e2u Ch\u1ea5t l\u01b0\u1ee3ng Cao:<\/strong><br>F6 Performance Tier 5W-30\/5W-40 SP \u0111\u01b0\u1ee3c tinh ch\u1ebf t\u1eeb d\u1ea7u g\u1ed1c hydro h\u00f3a s\u00e2u v\u00e0 h\u1ed7n h\u1ee3p ph\u1ee5 gia c\u00f4ng ngh\u1ec7 cao \u0111\u01b0\u1ee3c ch\u1ecdn l\u1ecdc k\u1ef9 l\u01b0\u1ee1ng. C\u00f4ng ngh\u1ec7 d\u1ea7u g\u1ed1c cao c\u1ea5p n\u00e0y t\u1ea1o ra d\u1ea7u nh\u1eddn \u0111\u00e1p \u1ee9ng ho\u1eb7c v\u01b0\u1ee3t qu\u00e1 gi\u1edbi h\u1ea1n ti\u00eau chu\u1ea9n ng\u00e0nh API SP nghi\u00eam ng\u1eb7t, mang l\u1ea1i b\u1ea3o v\u1ec7 \u0111\u00e1ng tin c\u1eady trong m\u1ecdi \u0111i\u1ec1u ki\u1ec7n v\u1eadn h\u00e0nh.<\/p>\n\n\n\n<p><strong>\u2605 C\u00f4ng th\u1ee9c Ti\u00ean ti\u1ebfn Low-SAPS B\u1ea3o v\u1ec7 H\u1ec7 th\u1ed1ng X\u1ea3:<\/strong><br>C\u00f4ng th\u1ee9c l\u01b0u hu\u1ef3nh th\u1ea5p, ph\u1ed1t pho th\u1ea5p v\u00e0 tro th\u1ea5p \u0111\u01b0\u1ee3c thi\u1ebft k\u1ebf \u0111\u1eb7c bi\u1ec7t \u0111\u1ec3 b\u1ea3o v\u1ec7 h\u1ec7 th\u1ed1ng x\u1eed l\u00fd kh\u00ed th\u1ea3i hi\u1ec7n \u0111\u1ea1i. B\u1eb1ng c\u00e1ch gi\u1ea3m thi\u1ec3u t\u00edch t\u1ee5 tro kim lo\u1ea1i trong ch\u1ea5t n\u1ec1n GPF, DPF v\u00e0 b\u1ed9 chuy\u1ec3n h\u00f3a x\u00fac t\u00e1c, d\u1ea7u n\u00e0y gi\u00fap duy tr\u00ec hi\u1ec7u su\u1ea5t h\u1ec7 th\u1ed1ng kh\u00ed th\u1ea3i, gi\u1ea3m t\u1ea7n su\u1ea5t t\u00e1i sinh v\u00e0 k\u00e9o d\u00e0i tu\u1ed5i th\u1ecd c\u00e1c b\u1ed9 ph\u1eadn \u0111\u1eaft ti\u1ec1n n\u00e0y.<\/p>\n\n\n\n<p><strong>\u2605 \u0110\u1ed9 \u1ed4n \u0111\u1ecbnh Nhi\u1ec7t v\u00e0 Ch\u1ed1ng Oxy h\u00f3a Xu\u1ea5t s\u1eafc:<\/strong><br>\u0110\u1ed9 \u1ed5n \u0111\u1ecbnh nhi\u1ec7t v\u00e0 ch\u1ed1ng oxy h\u00f3a v\u01b0\u1ee3t tr\u1ed9i cho ph\u00e9p d\u1ea7u n\u00e0y \u1ee9c ch\u1ebf hi\u1ec7u qu\u1ea3 s\u1ef1 ph\u00e2n h\u1ee7y v\u00e0 ph\u00e1 v\u1ee1 d\u01b0\u1edbi v\u1eadn h\u00e0nh nhi\u1ec7t \u0111\u1ed9 cao k\u00e9o d\u00e0i. \u0110i\u1ec1u n\u00e0y c\u00f3 ngh\u0129a d\u1ea7u duy tr\u00ec \u0111\u1eb7c t\u00ednh b\u1ea3o v\u1ec7 l\u00e2u h\u01a1n, \u0111\u1ea3m b\u1ea3o b\u1ea3o v\u1ec7 \u0111\u1ed9ng c\u01a1 nh\u1ea5t qu\u00e1n v\u00e0 cho ph\u00e9p kho\u1ea3ng c\u00e1ch thay d\u1ea7u m\u1edf r\u1ed9ng t\u1ef1 tin.<\/p>\n\n\n\n<p><strong>\u2605 Hi\u1ec7u su\u1ea5t Th\u1eddi ti\u1ebft L\u1ea1nh N\u1ed5i b\u1eadt:<\/strong><br>\u0110\u1ed9 l\u01b0u \u0111\u1ed9ng nhi\u1ec7t \u0111\u1ed9 th\u1ea5p xu\u1ea5t s\u1eafc \u0111\u1ea3m b\u1ea3o b\u1ea3o v\u1ec7 kh\u1edfi \u0111\u1ed9ng nhanh trong \u0111i\u1ec1u ki\u1ec7n th\u1eddi ti\u1ebft l\u1ea1nh, gi\u1ea3m m\u00e0i m\u00f2n \u0111\u1ed9ng c\u01a1 quan tr\u1ecdng trong nh\u1eefng kho\u1ea3nh kh\u1eafc \u0111\u1ea7u ti\u00ean v\u1eadn h\u00e0nh \u2014 khi t\u1edbi 75% m\u00e0i m\u00f2n \u0111\u1ed9ng c\u01a1 t\u1ed5ng th\u1ec3 th\u01b0\u1eddng x\u1ea3y ra. B\u1eb1ng c\u00e1ch \u0111\u1ea3m b\u1ea3o tu\u1ea7n ho\u00e0n d\u1ea7u ngay l\u1eadp t\u1ee9c \u1edf nhi\u1ec7t \u0111\u1ed9 d\u01b0\u1edbi kh\u00f4ng, d\u1ea7u nh\u1eddn n\u00e0y gi\u00fap k\u00e9o d\u00e0i \u0111\u00e1ng k\u1ec3 tu\u1ed5i th\u1ecd \u0111\u1ed9ng c\u01a1.<\/p>\n\n\n\n<p><strong>\u2605 Tu\u00e2n th\u1ee7 R\u1ed9ng r\u00e3i API SP v\u00e0 ACEA C3:<\/strong><br>\u0110\u00e1p \u1ee9ng c\u1ea3 ti\u00eau chu\u1ea9n API SP v\u00e0 ACEA C3, F6 Performance Tier 5W-30\/5W-40 SP mang t\u00ednh t\u01b0\u01a1ng th\u00edch ph\u1ed5 qu\u00e1t tr\u00ean d\u1ea3i xe v\u00e0 lo\u1ea1i \u0111\u1ed9ng c\u01a1 r\u1ed9ng, tr\u1edf th\u00e0nh s\u1ea3n ph\u1ea9m \u0111a \u1ee9ng d\u1ee5ng l\u00fd t\u01b0\u1edfng cho x\u01b0\u1edfng v\u00e0 nh\u00e0 ph\u00e2n ph\u1ed1i c\u1ea7n gi\u1ea3m s\u1ed1 SKU m\u00e0 kh\u00f4ng hy sinh ph\u1ea1m vi ph\u1ee7 s\u00f3ng.<\/p>\n\n\n\n<h2 class=\"wp-block-heading\" id=\"technical-specifications\">Th\u00f4ng s\u1ed1 K\u1ef9 thu\u1eadt<\/h2>\n\n\n\n<figure class=\"wp-block-table\"><table class=\"has-fixed-layout\"><thead><tr><th>Th\u00f4ng s\u1ed1<\/th><th>5W-30 SP (F6)<\/th><th>5W-40 SP (F6)<\/th><\/tr><\/thead><tbody><tr><td><strong>C\u1ea5p \u0111\u1ed9 nh\u1edbt<\/strong><\/td><td>SAE 5W-30<\/td><td>SAE 5W-40<\/td><\/tr><tr><td><strong>Ph\u00e2n lo\u1ea1i API<\/strong><\/td><td>SP<\/td><td>SP<\/td><\/tr><tr><td><strong>Ph\u00e2n lo\u1ea1i ACEA<\/strong><\/td><td>C3<\/td><td>C3<\/td><\/tr><tr><td><strong>C\u1ea5p hi\u1ec7u su\u1ea5t<\/strong><\/td><td>F6<\/td><td>F6<\/td><\/tr><tr><td><strong>Lo\u1ea1i d\u1ea7u g\u1ed1c<\/strong><\/td><td>T\u1ed5ng h\u1ee3p Ho\u00e0n to\u00e0n Hydro h\u00f3a S\u00e2u<\/td><td>T\u1ed5ng h\u1ee3p Ho\u00e0n to\u00e0n Hydro h\u00f3a S\u00e2u<\/td><\/tr><tr><td><strong>M\u1ee9c SAPS<\/strong><\/td><td>Th\u1ea5p (L\u01b0u hu\u1ef3nh Th\u1ea5p, Ph\u1ed1t pho Th\u1ea5p, Tro Th\u1ea5p)<\/td><td>Th\u1ea5p (L\u01b0u hu\u1ef3nh Th\u1ea5p, Ph\u1ed1t pho Th\u1ea5p, Tro Th\u1ea5p)<\/td><\/tr><tr><td><strong>T\u01b0\u01a1ng Th\u00edch V\u1edbi GPF \/ DPF \/ TWC<\/strong><\/td><td>C\u00f3<\/td><td>C\u00f3<\/td><\/tr><tr><td><strong>B\u1ea3o v\u1ec7 LSPI<\/strong><\/td><td>C\u00f3<\/td><td>C\u00f3<\/td><\/tr><tr><td><strong>Ti\u00eau chu\u1ea9n th\u1ef1c thi<\/strong><\/td><td>Q\/KCYG003-2023<\/td><td>Q\/KCYG003-2023<\/td><\/tr><tr><td><strong>Bao b\u00ec C\u00f3 s\u1eb5n<\/strong><\/td><td>1L, 4L, Th\u00f9ng 208L<\/td><td>1L, 4L, Th\u00f9ng 208L<\/td><\/tr><tr><td><strong>Th\u1eddi h\u1ea1n s\u1eed d\u1ee5ng<\/strong><\/td><td>5 N\u0103m<\/td><td>5 N\u0103m<\/td><\/tr><\/tbody><\/table><\/figure>\n\n\n\n<h2 class=\"wp-block-heading\" id=\"application-areas-and-compatible-vehicles\">L\u0129nh v\u1ef1c \u1ee9ng d\u1ee5ng v\u00e0 xe t\u01b0\u01a1ng th\u00edch<\/h2>\n\n\n\n<ul class=\"wp-block-list\">\n<li><strong>Xe Ch\u00e2u \u00c2u:<\/strong> C\u00e1c m\u1eabu xe Volkswagen, Audi, BMW, Mercedes-Benz, Skoda, SEAT, Opel\/Vauxhall, Peugeot, Citro\u00ebn, Renault, Fiat v\u00e0 Volvo y\u00eau c\u1ea7u d\u1ea7u \u0111\u1ed9ng c\u01a1 ACEA C3. Bao g\u1ed3m c\u1ea3 c\u00e1c bi\u1ebfn th\u1ec3 \u0111\u1ed9ng c\u01a1 h\u00fat kh\u00ed t\u1ef1 nhi\u00ean l\u1eabn t\u0103ng \u00e1p.<\/li>\n\n\n\n<li><strong>Xe Nh\u1eadt B\u1ea3n:<\/strong> C\u00e1c m\u1eabu xe Toyota, Honda, Nissan, Mazda, Subaru, Mitsubishi v\u00e0 Suzuki quy \u0111\u1ecbnh s\u1eed d\u1ee5ng ch\u1ea5t b\u00f4i tr\u01a1n API SP 5W-30 ho\u1eb7c 5W-40.<\/li>\n\n\n\n<li><strong>Xe H\u00e0n Qu\u1ed1c:<\/strong> C\u00e1c m\u1eabu xe Hyundai, Kia, Genesis v\u00e0 SsangYong tr\u00ean m\u1ecdi n\u1ec1n t\u1ea3ng sedan, SUV l\u1eabn crossover.<\/li>\n\n\n\n<li><strong>Xe M\u1ef9:<\/strong> Ford (EcoBoost v\u00e0 h\u00fat kh\u00ed t\u1ef1 nhi\u00ean), General Motors (Ecotec, d\u00f2ng LT\/LV), Stellantis (Chrysler, Dodge, Jeep, RAM) c\u00f9ng c\u00e1c th\u01b0\u01a1ng hi\u1ec7u n\u1ed9i \u0111\u1ecba kh\u00e1c.<\/li>\n\n\n\n<li><strong>Th\u01b0\u01a1ng hi\u1ec7u N\u1ed9i \u0111\u1ecba Trung Qu\u1ed1c:<\/strong> BYD, Geely, Great Wall\/Haval, Chery, Changan, NIO, XPeng, Li Auto c\u00f9ng c\u00e1c nh\u00e0 s\u1ea3n xu\u1ea5t OEM Trung Qu\u1ed1c kh\u00e1c s\u1eed d\u1ee5ng \u0111\u1ed9ng c\u01a1 GDI t\u0103ng \u00e1p.<\/li>\n\n\n\n<li><strong>Xe t\u1ea3i nh\u1eb9:<\/strong> Xe van Transit, xe b\u00e1n t\u1ea3i, xe giao h\u00e0ng v\u00e0 c\u00e1c \u0111\u1ed9i xe th\u01b0\u01a1ng m\u1ea1i nh\u1eb9 t\u1eeb m\u1ecdi th\u01b0\u01a1ng hi\u1ec7u l\u1edbn.<\/li>\n\n\n\n<li><strong>\u1ee8ng d\u1ee5ng Kh\u00ed h\u1eadu L\u1ea1nh:<\/strong> \u0110\u1eb7c bi\u1ec7t ph\u00f9 h\u1ee3p cho c\u00e1c ph\u01b0\u01a1ng ti\u1ec7n ho\u1ea1t \u0111\u1ed9ng t\u1ea1i B\u1eafc \u00c2u, Nga, Canada, B\u1eafc Trung Qu\u1ed1c c\u00f9ng c\u00e1c th\u1ecb tr\u01b0\u1eddng th\u1eddi ti\u1ebft l\u1ea1nh kh\u1eafc nghi\u1ec7t kh\u00e1c, n\u01a1i c\u1ea7n b\u1ea3o v\u1ec7 kh\u1edfi \u0111\u1ed9ng l\u1ea1nh \u0111\u00e1ng tin c\u1eady.<\/li>\n\n\n\n<li><strong>\u0110\u1ed9i xe Chia s\u1ebb Chuy\u1ebfn \u0111i v\u00e0 Taxi:<\/strong> C\u00e1c ph\u01b0\u01a1ng ti\u1ec7n \u0111\u00f4 th\u1ecb c\u00f3 qu\u00e3ng \u0111\u01b0\u1eddng cao do c\u00e1c n\u1ec1n t\u1ea3ng chia s\u1ebb chuy\u1ebfn \u0111i v\u00e0 c\u00f4ng ty taxi truy\u1ec1n th\u1ed1ng v\u1eadn h\u00e0nh s\u1ebd h\u01b0\u1edfng l\u1ee3i t\u1eeb l\u1edbp b\u1ea3o v\u1ec7 v\u01b0\u1ee3t tr\u1ed9i c\u00f9ng kho\u1ea3ng b\u1ea3o d\u01b0\u1ee1ng k\u00e9o d\u00e0i.<\/li>\n\n\n\n<li><strong>M\u00e1y ph\u00e1t \u0111i\u1ec7n v\u00e0 Thi\u1ebft b\u1ecb Nh\u1ecf:<\/strong> M\u00e1y ph\u00e1t \u0111i\u1ec7n x\u00e1ch tay ch\u1ea1y x\u0103ng, m\u00e1y b\u01a1m n\u01b0\u1edbc, m\u00e1y n\u00e9n kh\u00ed c\u00f9ng c\u00e1c thi\u1ebft b\u1ecb c\u1ed1 \u0111\u1ecbnh nh\u1eb9 kh\u00e1c.<\/li>\n<\/ul>\n\n\n\n<h2 class=\"wp-block-heading\" id=\"target-customers-and-b2b-solutions\">Kh\u00e1ch h\u00e0ng M\u1ee5c ti\u00eau v\u00e0 Gi\u1ea3i ph\u00e1p B2B<\/h2>\n\n\n\n<p><strong>C\u00e1c X\u01b0\u1edfng \u0110\u1ed9c l\u1eadp v\u00e0 Chu\u1ed7i B\u00f4i tr\u01a1n Nhanh:<\/strong> F6 Performance Tier 5W-30\/5W-40 SP mang l\u1ea1i t\u1ef7 l\u1ec7 ch\u1ea5t l\u01b0\u1ee3ng-gi\u00e1 v\u01b0\u1ee3t tr\u1ed9i, gi\u00fap c\u00e1c x\u01b0\u1edfng \u0111\u1ed9c l\u1eadp cung c\u1ea5p d\u1ecbch v\u1ee5 thay d\u1ea7u t\u1ed5ng h\u1ee3p cao c\u1ea5p v\u1edbi m\u1ee9c gi\u00e1 c\u1ea1nh tranh. Hai c\u1ea5p \u0111\u1ed9 \u0111\u1ed9 nh\u1edbt k\u00e9p bao qu\u00e1t h\u1ea7u h\u1ebft c\u00e1c ph\u01b0\u01a1ng ti\u1ec7n \u0111\u1ebfn x\u01b0\u1edfng, gi\u1ea3m \u0111\u1ed9 ph\u1ee9c t\u1ea1p qu\u1ea3n l\u00fd h\u00e0ng t\u1ed3n kho.<\/p>\n\n\n\n<p><strong>C\u00e1c Nh\u00e0 ph\u00e2n ph\u1ed1i Ch\u1ea5t b\u00f4i tr\u01a1n Khu v\u1ef1c v\u00e0 Qu\u1ed1c gia:<\/strong> V\u1edbi c\u00e1c nh\u00e0 ph\u00e2n ph\u1ed1i t\u00ecm ki\u1ebfm s\u1ea3n ph\u1ea9m d\u1ea7u t\u1ed5ng h\u1ee3p tu\u00e2n th\u1ee7 API SP + ACEA C3 c\u00f3 gi\u00e1 c\u1ea1nh tranh v\u00e0 kh\u1ed1i l\u01b0\u1ee3ng l\u1edbn, d\u00f2ng F6 mang l\u1ea1i s\u1ef1 k\u1ebft h\u1ee3p l\u00fd t\u01b0\u1edfng gi\u1eefa ch\u1ea5t l\u01b0\u1ee3ng \u0111\u01b0\u1ee3c ch\u1ee9ng nh\u1eadn v\u00e0 bi\u00ean l\u1ee3i nhu\u1eadn th\u01b0\u01a1ng m\u1ea1i. ROCKEFELLER cung c\u1ea5p s\u1ed1 l\u01b0\u1ee3ng \u0111\u1eb7t h\u00e0ng t\u1ed1i thi\u1ec3u linh ho\u1ea1t, v\u1eadn chuy\u1ec3n container l\u1edbn c\u00f9ng t\u00f9y ch\u1ecdn nh\u00e3n ri\u00eang.<\/p>\n\n\n\n<p><strong>C\u00f4ng Ty Qu\u1ea3n L\u00fd \u0110\u1ed9i Xe:<\/strong> C\u00e1c \u0111\u1ed9i xe ph\u01b0\u01a1ng ti\u1ec7n \u0111\u00f4 th\u1ecb, c\u00f4ng ty chuy\u1ec3n ph\u00e1t nhanh\/giao h\u00e0ng, c\u00f4ng ty ti\u1ec7n \u00edch v\u00e0 \u0111\u1ed9i xe c\u00f4ng ty c\u00f3 th\u1ec3 t\u1eadn d\u1ee5ng kho\u1ea3ng b\u1ea3o d\u01b0\u1ee1ng k\u00e9o d\u00e0i c\u00f9ng \u0111\u1ed9 tin c\u1eady th\u1eddi ti\u1ebft l\u1ea1nh c\u1ee7a s\u1ea3n ph\u1ea9m n\u00e0y \u0111\u1ec3 gi\u1ea3m t\u1ed5ng chi ph\u00ed s\u1edf h\u1eefu (TCO) v\u00e0 th\u1eddi gian ng\u1eebng ho\u1ea1t \u0111\u1ed9ng kh\u00f4ng k\u1ebf ho\u1ea1ch.<\/p>\n\n\n\n<p><strong>C\u00e1c Nh\u00e0 b\u00e1n l\u1ebb Ph\u1ee5 t\u00f9ng v\u00e0 Ph\u1ee5 ki\u1ec7n \u00d4 t\u00f4:<\/strong> C\u00e1c c\u1eeda h\u00e0ng ph\u1ee5 t\u00f9ng \u00f4 t\u00f4 truy\u1ec1n th\u1ed1ng v\u00e0 n\u1ec1n t\u1ea3ng th\u01b0\u01a1ng m\u1ea1i \u0111i\u1ec7n t\u1eed c\u00f3 th\u1ec3 d\u1ef1 tr\u1eef d\u00f2ng F6 nh\u01b0 l\u1ef1a ch\u1ecdn d\u1ea7u t\u1ed5ng h\u1ee3p cao c\u1ea5p nh\u01b0ng d\u1ec5 ti\u1ebfp c\u1eadn d\u00e0nh cho kh\u00e1ch h\u00e0ng t\u1ef1 thay d\u1ea7u l\u1eabn chuy\u00ean nghi\u1ec7p.<\/p>\n\n\n\n<p><strong>Mua s\u1eafm Ch\u00ednh ph\u1ee7 v\u00e0 T\u1ed5 ch\u1ee9c:<\/strong> C\u00e1c c\u01a1 quan ch\u00ednh ph\u1ee7, \u0111\u1ed9i xe qu\u00e2n s\u1ef1, tr\u01b0\u1eddng \u0111\u1ea1i h\u1ecdc v\u00e0 b\u1ec7nh vi\u1ec7n v\u1eadn h\u00e0nh \u0111\u1ed9i xe c\u00f3 th\u1ec3 h\u01b0\u1edfng l\u1ee3i t\u1eeb ch\u1ee9ng nh\u1eadn API SP\/ACEA C3, gi\u00fap \u0111\u01a1n gi\u1ea3n h\u00f3a vi\u1ec7c tu\u00e2n th\u1ee7 quy \u0111\u1ecbnh mua s\u1eafm t\u1ed5 ch\u1ee9c.<\/p>\n\n\n\n<p><strong>Khai th\u00e1c M\u1ecf, N\u00f4ng nghi\u1ec7p v\u00e0 X\u00e2y d\u1ef1ng (\u1ee8ng d\u1ee5ng Nh\u1eb9):<\/strong> Nh\u00e0 v\u1eadn h\u00e0nh thi\u1ebft b\u1ecb nh\u1eb9 ch\u1ea1y x\u0103ng, xe \u0111\u1ecba h\u00ecnh to\u00e0n \u0111\u1ecba h\u00ecnh (ATV), xe nhi\u1ec7m v\u1ee5 ti\u1ec7n \u00edch (UTV) c\u00f9ng m\u00e1y m\u00f3c nh\u1ecf t\u1ea1i c\u00e1c \u0111\u1ecba \u0111i\u1ec3m xa x\u00f4i ho\u1eb7c kh\u00ed h\u1eadu kh\u1eafc nghi\u1ec7t c\u00f3 th\u1ec3 tin c\u1eady v\u00e0o hi\u1ec7u su\u1ea5t th\u1eddi ti\u1ebft l\u1ea1nh v\u00e0 \u0111\u1ed9 \u1ed5n \u0111\u1ecbnh nhi\u1ec7t c\u1ee7a lo\u1ea1i d\u1ea7u n\u00e0y.<\/p>\n\n\n\n<h2 class=\"wp-block-heading\" id=\"why-choose-f6-performance-tier-5w-30-5w-40-sp-for-your-business\">T\u1ea1i sao Ch\u1ecdn F6 Performance Tier 5W-30\/5W-40 SP cho Doanh nghi\u1ec7p c\u1ee7a B\u1ea1n?<\/h2>\n\n\n\n<ol class=\"wp-block-list\">\n<li><strong>D\u1ea7u g\u1ed1c T\u1ed5ng h\u1ee3p Hydro h\u00f3a S\u00e2u<\/strong> \u2014 \u0111\u1ed9 tinh khi\u1ebft v\u00e0 \u1ed5n \u0111\u1ecbnh v\u01b0\u1ee3t tr\u1ed9i so v\u1edbi d\u1ea7u g\u1ed1c Group II\/III th\u00f4ng th\u01b0\u1eddng, mang l\u1ea1i tu\u1ed5i th\u1ecd d\u1ea7u d\u00e0i h\u01a1n c\u00f9ng \u0111\u1ed9 s\u1ea1ch \u0111\u1ed9ng c\u01a1 t\u1ed1t h\u01a1n.<\/li>\n\n\n\n<li><strong>C\u00f4ng th\u1ee9c Low-SAPS<\/strong> \u2014 b\u1ea3o v\u1ec7 t\u00edch c\u1ef1c cho GPF, DPF v\u00e0 b\u1ed9 chuy\u1ec3n \u0111\u1ed5i x\u00fac t\u00e1c, gi\u1ea3m chi ph\u00ed s\u1eeda ch\u1eefa h\u1ec7 th\u1ed1ng kh\u00ed th\u1ea3i \u0111\u1eaft \u0111\u1ecf \u0111\u1ed3ng th\u1eddi h\u1ed7 tr\u1ee3 tu\u00e2n th\u1ee7 quy \u0111\u1ecbnh.<\/li>\n\n\n\n<li><strong>Ch\u1ee9ng nh\u1eadn \u0110\u00f4i API SP + ACEA C3<\/strong> \u2014 t\u00ednh t\u01b0\u01a1ng th\u00edch th\u1ecb tr\u01b0\u1eddng to\u00e0n c\u1ea7u trong m\u1ed9t s\u1ea3n ph\u1ea9m duy nh\u1ea5t, l\u00fd t\u01b0\u1edfng cho c\u00e1c nh\u00e0 ph\u00e2n ph\u1ed1i ho\u1ea1t \u0111\u1ed9ng \u0111a khu v\u1ef1c.<\/li>\n\n\n\n<li><strong>B\u1ea3o v\u1ec7 Kh\u1edfi \u0111\u1ed9ng L\u1ea1nh Xu\u1ea5t s\u1eafc<\/strong> \u2014 hi\u1ec7u su\u1ea5t \u0111\u00e3 \u0111\u01b0\u1ee3c ch\u1ee9ng minh trong m\u00f4i tr\u01b0\u1eddng nhi\u1ec7t \u0111\u1ed9 th\u1ea5p kh\u1eafc nghi\u1ec7t, gi\u1ea3m m\u00e0i m\u00f2n kh\u1edfi \u0111\u1ed9ng l\u1ea1nh v\u00e0 k\u00e9o d\u00e0i tu\u1ed5i th\u1ecd \u0111\u1ed9ng c\u01a1.<\/li>\n\n\n\n<li><strong>T\u1ef7 l\u1ec7 Ch\u1ea5t l\u01b0\u1ee3ng-Gi\u00e1 Tuy\u1ec7t v\u1eddi<\/strong> \u2014 m\u1ee9c gi\u00e1 d\u00f2ng F6 gi\u00fap b\u1ea3o v\u1ec7 t\u1ed5ng h\u1ee3p cao c\u1ea5p ti\u1ebfp c\u1eadn \u0111\u01b0\u1ee3c v\u1edbi nhi\u1ec1u kh\u00e1ch h\u00e0ng v\u00e0 ng\u00e2n s\u00e1ch \u0111\u1ed9i xe h\u01a1n.<\/li>\n\n\n\n<li><strong>Th\u1eddi h\u1ea1n S\u1eed d\u1ee5ng 5 N\u0103m<\/strong> \u2014 \u0111\u1ed9 \u1ed5n \u0111\u1ecbnh l\u01b0u tr\u1eef l\u00e2u d\u00e0i h\u1ed7 tr\u1ee3 qu\u1ea3n l\u00fd h\u00e0ng t\u1ed3n kho hi\u1ec7u qu\u1ea3 v\u00e0 logistics v\u1eadn chuy\u1ec3n to\u00e0n c\u1ea7u.<\/li>\n\n\n\n<li><strong>H\u1ed7 tr\u1ee3 B2B To\u00e0n di\u1ec7n<\/strong> \u2014 t\u00e0i li\u1ec7u d\u1eef li\u1ec7u k\u1ef9 thu\u1eadt, t\u00e0i li\u1ec7u MSDS, t\u00e0i li\u1ec7u ti\u1ebfp th\u1ecb, ch\u01b0\u01a1ng tr\u00ecnh \u0111\u1ed3ng th\u01b0\u01a1ng hi\u1ec7u c\u00f9ng h\u1ed7 tr\u1ee3 b\u00e1n h\u00e0ng xu\u1ea5t kh\u1ea9u chuy\u00ean bi\u1ec7t t\u1eeb \u0111\u1ed9i ng\u0169 ROCKEFELLER to\u00e0n c\u1ea7u.<\/li>\n<\/ol>","protected":false},"featured_media":983,"parent":0,"template":"","meta":{"_acf_changed":true,"_gspb_post_css":"","_kad_blocks_custom_css":"","_kad_blocks_head_custom_js":"","_kad_blocks_body_custom_js":"","_kad_blocks_footer_custom_js":"","_kad_post_transparent":"","_kad_post_title":"","_kad_post_layout":"","_kad_post_sidebar_id":"","_kad_post_content_style":"","_kad_post_vertical_padding":"","_kad_post_feature":"","_kad_post_feature_position":"","_kad_post_header":false,"_kad_post_footer":false,"_kad_post_classname":""},"product-category":[4],"class_list":["post-982","product","type-product","status-publish","has-post-thumbnail","hentry","product-category-gasoline-engine-oil"],"acf":[],"taxonomy_info":{"product-category":[{"value":4,"label":"Gasoline Engine Oil"}]},"featured_image_src_large":["https:\/\/felleroil.com\/wp-content\/uploads\/2026\/03\/4L-5w30.jpg",800,800,false],"author_info":[],"comment_info":"","_links":{"self":[{"href":"https:\/\/felleroil.com\/vi\/wp-json\/wp\/v2\/product\/982","targetHints":{"allow":["GET"]}}],"collection":[{"href":"https:\/\/felleroil.com\/vi\/wp-json\/wp\/v2\/product"}],"about":[{"href":"https:\/\/felleroil.com\/vi\/wp-json\/wp\/v2\/types\/product"}],"wp:featuredmedia":[{"embeddable":true,"href":"https:\/\/felleroil.com\/vi\/wp-json\/wp\/v2\/media\/983"}],"wp:attachment":[{"href":"https:\/\/felleroil.com\/vi\/wp-json\/wp\/v2\/media?parent=982"}],"wp:term":[{"taxonomy":"product-category","embeddable":true,"href":"https:\/\/felleroil.com\/vi\/wp-json\/wp\/v2\/product-category?post=982"}],"curies":[{"name":"wp","href":"https:\/\/api.w.org\/{rel}","templated":true}]}}