{"id":978,"date":"2026-03-24T02:04:08","date_gmt":"2026-03-24T02:04:08","guid":{"rendered":"https:\/\/feller.easiwin.cn\/?post_type=product&#038;p=978"},"modified":"2026-03-24T02:04:09","modified_gmt":"2026-03-24T02:04:09","slug":"f9-performance-tier-0w-30-0w-40-sp-full-synthetic-engine-oil","status":"publish","type":"product","link":"https:\/\/felleroil.com\/vi\/product\/f9-performance-tier-0w-30-0w-40-sp-full-synthetic-engine-oil\/","title":{"rendered":"D\u1ea7u \u0110\u1ed9ng c\u01a1 T\u1ed5ng h\u1ee3p \u0110\u1ea7y \u0111\u1ee7 F9 Performance Tier 0W-30 \/ 0W-40 SP"},"content":{"rendered":"<h2 class=\"wp-block-heading\" id=\"product-overview\">T\u1ed5ng quan s\u1ea3n ph\u1ea9m<\/h2>\n\n\n\n<p>D\u00f2ng F9 Performance Tier 0W-30 v\u00e0 0W-40 SP \u0111\u1ea1i di\u1ec7n cho ph\u00e2n h\u1ea1ng cao nh\u1ea5t trong d\u1ea3i s\u1ea3n ph\u1ea9m ROCKEFELLER. Nh\u1eefng d\u1ea7u \u0111\u1ed9ng c\u01a1 t\u1ed5ng h\u1ee3p ho\u00e0n to\u00e0n n\u00e0y \u0111\u01b0\u1ee3c thi\u1ebft k\u1ebf d\u00e0nh ri\u00eang cho c\u00e1c \u0111\u1ed9ng c\u01a1 hi\u1ec7n \u0111\u1ea1i kh\u1eaft khe nh\u1ea5t tr\u00ean xe ch\u00e2u \u00c2u v\u00e0 M\u1ef9 cao c\u1ea5p, bao g\u1ed3m Mercedes-Benz, BMW, Audi, Porsche v\u00e0 c\u00e1c n\u1ec1n t\u1ea3ng hi\u1ec7u su\u1ea5t cao c\u1ee7a M\u1ef9.<\/p>\n\n\n\n<p>\u0110i\u1ec3m kh\u00e1c bi\u1ec7t ch\u00ednh c\u1ee7a s\u1ea3n ph\u1ea9m n\u00e0y l\u00e0 ch\u1ee9ng nh\u1eadn ch\u00ednh th\u1ee9c <strong>Mercedes-Benz MB-Approval 229.51\/229.52<\/strong> , \u0111\u01b0a s\u1ea3n ph\u1ea9m v\u00e0o nh\u00f3m d\u1ea7u b\u00f4i tr\u01a1n \u0111\u01b0\u1ee3c \u1ee7y quy\u1ec1n s\u1eed d\u1ee5ng tr\u00ean xe Mercedes-Benz to\u00e0n c\u1ea7u. S\u1ef1 ch\u1ee9ng nh\u1eadn OEM n\u00e0y \u0111\u1ea3m b\u1ea3o d\u1ea7u \u0111\u00e3 v\u01b0\u1ee3t qua c\u00e1c b\u00e0i ki\u1ec3m tra nghi\u00eam ng\u1eb7t trong ph\u00f2ng th\u00ed nghi\u1ec7m v\u00e0 th\u1ef1c \u0111\u1ecba \u0111\u1ec3 \u0111\u00e1p \u1ee9ng ti\u00eau chu\u1ea9n kh\u1eaft khe c\u1ee7a Mercedes-Benz v\u1ec1 b\u1ea3o v\u1ec7 \u0111\u1ed9ng c\u01a1, ti\u1ebft ki\u1ec7m nhi\u00ean li\u1ec7u v\u00e0 t\u01b0\u01a1ng th\u00edch h\u1ec7 th\u1ed1ng kh\u00ed th\u1ea3i.<\/p>\n\n\n\n<p>C\u1ea3 hai c\u1ea5p \u0111\u1ed9 nh\u1edbt \u0111\u1ec1u \u0111\u00e1p \u1ee9ng ho\u1eb7c v\u01b0\u1ee3t <strong>American Petroleum Institute API SP<\/strong> v\u00e0 <strong>European Automobile Manufacturers Association ACEA C3<\/strong> c\u00e1c ti\u00eau chu\u1ea9n ng\u00e0nh, mang l\u1ea1i tu\u00e2n th\u1ee7 k\u00e9p cho ph\u00e2n ph\u1ed1i to\u00e0n c\u1ea7u. S\u1ea3n ph\u1ea9m \u0111\u01b0\u1ee3c s\u1ea3n xu\u1ea5t theo ti\u00eau chu\u1ea9n h\u00e0nh ch\u00ednh <strong>Q\/KCYG003-2023<\/strong> v\u00e0 c\u00f3 th\u1eddi h\u1ea1n s\u1eed d\u1ee5ng n\u0103m n\u0103m.<\/p>\n\n\n\n<h2 class=\"wp-block-heading\" id=\"standard-packaging\">Bao b\u00ec ti\u00eau chu\u1ea9n<\/h2>\n\n\n<style>.wp-block-kadence-advancedgallery .kb-gallery-type-grid.kb-gallery-id-978_0c96ac-9d{margin:-5px;}.kb-gallery-type-grid.kb-gallery-id-978_0c96ac-9d .kadence-blocks-gallery-item{padding:5px;}.kb-gallery-id-978_0c96ac-9d .kadence-blocks-gallery-item .kb-gal-image-radius, .kb-gallery-id-978_0c96ac-9d .kb-slide-item .kb-gal-image-radius img{border-radius:12px 12px 12px 12px;;}.kb-gallery-caption-style-bottom.kb-gallery-id-978_0c96ac-9d .kadence-blocks-gallery-item .kadence-blocks-gallery-item-inner .kadence-blocks-gallery-item__caption, .kb-gallery-caption-style-bottom-hover.kb-gallery-id-978_0c96ac-9d .kadence-blocks-gallery-item .kadence-blocks-gallery-item-inner .kadence-blocks-gallery-item__caption{background:linear-gradient(0deg, rgba(0, 0, 0, 0.8) 0, rgba(0, 0, 0, 0) 100%);}<\/style><div class=\"kb-gallery-wrap-id-978_0c96ac-9d alignnone wp-block-kadence-advancedgallery\"><ul class=\"kb-gallery-ul kb-gallery-non-static kb-gallery-type-grid kb-gallery-id-978_0c96ac-9d kb-gallery-caption-style-bottom kb-gallery-filter-none\" data-image-filter=\"none\" data-item-selector=\".kadence-blocks-gallery-item\" data-lightbox-caption=\"true\" data-columns-xxl=\"3\" data-columns-xl=\"3\" data-columns-md=\"3\" data-columns-sm=\"2\" data-columns-xs=\"1\" data-columns-ss=\"1\"><li class=\"kadence-blocks-gallery-item\"><div class=\"kadence-blocks-gallery-item-inner\"><figure class=\"kb-gallery-figure kadence-blocks-gallery-item-has-caption\"><div class=\"kb-gal-image-radius\"><div class=\"kb-gallery-image-contain kadence-blocks-gallery-intrinsic kb-gallery-image-ratio-square kb-has-image-ratio-square\" ><img loading=\"lazy\" decoding=\"async\" src=\"https:\/\/felleroil.com\/wp-content\/uploads\/2026\/03\/F9-1L-0w30.jpg\" width=\"800\" height=\"800\" alt=\"\" data-full-image=\"https:\/\/felleroil.com\/wp-content\/uploads\/2026\/03\/F9-1L-0w30.jpg\" data-light-image=\"https:\/\/felleroil.com\/wp-content\/uploads\/2026\/03\/F9-1L-0w30.jpg\" data-id=\"980\" class=\"wp-image-980\" title=\"\" srcset=\"https:\/\/felleroil.com\/wp-content\/uploads\/2026\/03\/F9-1L-0w30.jpg 800w, https:\/\/felleroil.com\/wp-content\/uploads\/2026\/03\/F9-1L-0w30-300x300.jpg 300w, https:\/\/felleroil.com\/wp-content\/uploads\/2026\/03\/F9-1L-0w30-150x150.jpg 150w, https:\/\/felleroil.com\/wp-content\/uploads\/2026\/03\/F9-1L-0w30-768x768.jpg 768w, https:\/\/felleroil.com\/wp-content\/uploads\/2026\/03\/F9-1L-0w30-12x12.jpg 12w\" sizes=\"auto, (max-width: 800px) 100vw, 800px\" \/><\/div><div class=\"kadence-blocks-gallery-item__caption\">F9 1L 0W30<\/div><\/div><\/figure><\/div><\/li><li class=\"kadence-blocks-gallery-item\"><div class=\"kadence-blocks-gallery-item-inner\"><figure class=\"kb-gallery-figure kadence-blocks-gallery-item-has-caption\"><div class=\"kb-gal-image-radius\"><div class=\"kb-gallery-image-contain kadence-blocks-gallery-intrinsic kb-gallery-image-ratio-square kb-has-image-ratio-square\" ><img loading=\"lazy\" decoding=\"async\" src=\"https:\/\/felleroil.com\/wp-content\/uploads\/2026\/03\/F9-1L-0w40.jpg\" width=\"800\" height=\"800\" alt=\"\" data-full-image=\"https:\/\/felleroil.com\/wp-content\/uploads\/2026\/03\/F9-1L-0w40.jpg\" data-light-image=\"https:\/\/felleroil.com\/wp-content\/uploads\/2026\/03\/F9-1L-0w40.jpg\" data-id=\"981\" class=\"wp-image-981\" title=\"\" srcset=\"https:\/\/felleroil.com\/wp-content\/uploads\/2026\/03\/F9-1L-0w40.jpg 800w, https:\/\/felleroil.com\/wp-content\/uploads\/2026\/03\/F9-1L-0w40-300x300.jpg 300w, https:\/\/felleroil.com\/wp-content\/uploads\/2026\/03\/F9-1L-0w40-150x150.jpg 150w, https:\/\/felleroil.com\/wp-content\/uploads\/2026\/03\/F9-1L-0w40-768x768.jpg 768w, https:\/\/felleroil.com\/wp-content\/uploads\/2026\/03\/F9-1L-0w40-12x12.jpg 12w\" sizes=\"auto, (max-width: 800px) 100vw, 800px\" \/><\/div><div class=\"kadence-blocks-gallery-item__caption\">F9 1L 0W40<\/div><\/div><\/figure><\/div><\/li><li class=\"kadence-blocks-gallery-item\"><div class=\"kadence-blocks-gallery-item-inner\"><figure class=\"kb-gallery-figure kadence-blocks-gallery-item-has-caption\"><div class=\"kb-gal-image-radius\"><div class=\"kb-gallery-image-contain kadence-blocks-gallery-intrinsic kb-gallery-image-ratio-square kb-has-image-ratio-square\" ><img loading=\"lazy\" decoding=\"async\" src=\"https:\/\/felleroil.com\/wp-content\/uploads\/2026\/03\/F9-4L-0w40.jpg\" width=\"800\" height=\"800\" alt=\"\" data-full-image=\"https:\/\/felleroil.com\/wp-content\/uploads\/2026\/03\/F9-4L-0w40.jpg\" data-light-image=\"https:\/\/felleroil.com\/wp-content\/uploads\/2026\/03\/F9-4L-0w40.jpg\" data-id=\"979\" class=\"wp-image-979\" title=\"\" srcset=\"https:\/\/felleroil.com\/wp-content\/uploads\/2026\/03\/F9-4L-0w40.jpg 800w, https:\/\/felleroil.com\/wp-content\/uploads\/2026\/03\/F9-4L-0w40-300x300.jpg 300w, https:\/\/felleroil.com\/wp-content\/uploads\/2026\/03\/F9-4L-0w40-150x150.jpg 150w, https:\/\/felleroil.com\/wp-content\/uploads\/2026\/03\/F9-4L-0w40-768x768.jpg 768w, https:\/\/felleroil.com\/wp-content\/uploads\/2026\/03\/F9-4L-0w40-12x12.jpg 12w\" sizes=\"auto, (max-width: 800px) 100vw, 800px\" \/><\/div><div class=\"kadence-blocks-gallery-item__caption\">F9 4L 0W40<\/div><\/div><\/figure><\/div><\/li><\/ul><\/div>\n\n\n<h2 class=\"wp-block-heading\" id=\"key-functional-features-and-performance-benefits\">C\u00e1c T\u00ednh n\u0103ng Ch\u1ee9c n\u0103ng Ch\u00ednh v\u00e0 L\u1ee3i \u00edch Hi\u1ec7u su\u1ea5t<\/h2>\n\n\n\n<p><strong>\u2605 T\u01b0\u01a1ng th\u00edch xe ch\u00e2u \u00c2u &amp; M\u1ef9 cao c\u1ea5p:<\/strong><br>\u0110\u01b0\u1ee3c thi\u1ebft k\u1ebf \u0111\u1eb7c bi\u1ec7t cho h\u1ea7u h\u1ebft c\u00e1c m\u1eabu xe cao c\u1ea5p t\u1eeb ch\u00e2u \u00c2u v\u00e0 M\u1ef9, F9 Performance Tier 0W-30\/0W-40 SP cung c\u1ea5p b\u1ea3o v\u1ec7 to\u00e0n di\u1ec7n cho h\u1ec7 th\u1ed1ng x\u1eed l\u00fd kh\u00ed th\u1ea3i sau \u0111\u1ed9ng c\u01a1 \u0111\u1ed3ng th\u1eddi gi\u1ea3m \u0111\u00e1ng k\u1ec3 t\u1eafc ngh\u1ebdn GPF (B\u1ed9 l\u1ecdc h\u1ea1t x\u0103ng) v\u00e0 DPF (B\u1ed9 l\u1ecdc h\u1ea1t diesel). \u0110i\u1ec1u n\u00e0y r\u1ea5t c\u1ea7n thi\u1ebft \u0111\u1ec3 duy tr\u00ec tu\u00e2n th\u1ee7 kh\u00ed th\u1ea3i v\u00e0 tr\u00e1nh thay th\u1ebf b\u1ed9 l\u1ecdc t\u1ed1n k\u00e9m.<\/p>\n\n\n\n<p><strong>\u2605 Ph\u00ea duy\u1ec7t Mercedes-Benz MB 229.51\/229.52:<\/strong><br>S\u1ea3n ph\u1ea9m n\u00e0y \u0111\u00e3 nh\u1eadn \u0111\u01b0\u1ee3c s\u1ef1 ch\u1ea5p thu\u1eadn ch\u00ednh th\u1ee9c t\u1eeb Mercedes-Benz theo ti\u00eau chu\u1ea9n MB-Approval 229.51 v\u00e0 229.52. Ch\u1ee9ng nh\u1eadn danh gi\u00e1 n\u00e0y \u0111\u1ea3m b\u1ea3o t\u00ednh t\u01b0\u01a1ng th\u00edch ho\u00e0n h\u1ea3o v\u1edbi \u0111\u1ed9ng c\u01a1 Mercedes-Benz, bao g\u1ed3m c\u1ea3 c\u00e1c h\u1ec7 th\u1ed1ng turbo t\u0103ng \u00e1p v\u00e0 hybrid nh\u1eb9 m\u1edbi nh\u1ea5t, gi\u00fap c\u00e1c nh\u00e0 ph\u00e2n ph\u1ed1i c\u00f9ng trung t\u00e2m d\u1ecbch v\u1ee5 t\u1ef1 tin b\u1ea3o d\u01b0\u1ee1ng nh\u1eefng chi\u1ebfc xe cao c\u1ea5p.<\/p>\n\n\n\n<p><strong>\u2605 Hi\u1ec7u su\u1ea5t l\u00e0m s\u1ea1ch m\u1ea1nh m\u1ebd v\u00e0 ng\u0103n ng\u1eeba c\u1eb7n b\u1ea9n:<\/strong><br>C\u00e1c ch\u1ea5t t\u1ea9y r\u1eeda v\u00e0 ph\u00e2n t\u00e1n ti\u00ean ti\u1ebfn mang l\u1ea1i kh\u1ea3 n\u0103ng l\u00e0m s\u1ea1ch v\u01b0\u1ee3t tr\u1ed9i, ch\u1ee7 \u0111\u1ed9ng ng\u0103n ch\u1eb7n s\u1ef1 h\u00ecnh th\u00e0nh c\u1eb7n b\u1ea9n v\u00e0 gi\u1eef cho c\u00e1c b\u1ed9 ph\u1eadn b\u00ean trong \u0111\u1ed9ng c\u01a1 lu\u00f4n s\u1ea1ch s\u1ebd. \u0110\u1ed9ng c\u01a1 s\u1ea1ch s\u1ebd v\u1eadn h\u00e0nh hi\u1ec7u qu\u1ea3 h\u01a1n, gi\u1ea3m ph\u00e1t th\u1ea3i v\u00e0 c\u1ea7n b\u1ea3o d\u01b0\u1ee1ng \u00edt th\u01b0\u1eddng xuy\u00ean h\u01a1n \u2014 mang l\u1ea1i l\u1ee3i \u00edch tr\u1ef1c ti\u1ebfp cho c\u00e1c \u0111\u1ed9i xe v\u00e0 ch\u1ee7 xe.<\/p>\n\n\n\n<p><strong>\u2605 C\u00f4ng ngh\u1ec7 d\u1ea7u g\u1ed1c t\u1ed5ng h\u1ee3p ho\u00e0n to\u00e0n \u0111\u1ed9 nh\u1edbt th\u1ea5p:<\/strong><br>\u0110\u01b0\u1ee3c x\u00e2y d\u1ef1ng tr\u00ean n\u1ec1n t\u1ea3ng d\u1ea7u g\u1ed1c t\u1ed5ng h\u1ee3p ho\u00e0n to\u00e0n v\u1edbi \u0111\u1eb7c t\u00ednh \u0111\u1ed9 nh\u1edbt th\u1ea5p t\u1ed1i \u01b0u, lo\u1ea1i d\u1ea7u b\u00f4i tr\u01a1n n\u00e0y gi\u1ea3m thi\u1ec3u ma s\u00e1t b\u00ean trong \u0111\u1ed9ng c\u01a1. K\u1ebft h\u1ee3p c\u00f9ng c\u00f4ng ngh\u1ec7 ph\u1ee5 gia ti\u00ean ti\u1ebfn, s\u1ea3n ph\u1ea9m mang l\u1ea1i s\u1ef1 c\u00e2n b\u1eb1ng xu\u1ea5t s\u1eafc gi\u1eefa kh\u1ea3 n\u0103ng ch\u1ed1ng m\u00e0i m\u00f2n v\u00e0 ti\u1ebft ki\u1ec7m nhi\u00ean li\u1ec7u, gi\u00fap ng\u01b0\u1eddi s\u1eed d\u1ee5ng \u0111\u1ea1t \u0111\u01b0\u1ee3c m\u1ee9c gi\u1ea3m ti\u00eau hao nhi\u00ean li\u1ec7u \u0111\u00e1ng k\u1ec3.<\/p>\n\n\n\n<p><strong>\u2605 Kh\u1ea3 n\u0103ng ch\u1ecbu nhi\u1ec7t v\u01b0\u1ee3t tr\u1ed9i v\u00e0 b\u1ea3o v\u1ec7 ch\u1ed1ng oxy h\u00f3a:<\/strong><br>D\u1ea7u F9 Performance Tier 0W-30\/0W-40 SP th\u1ec3 hi\u1ec7n \u0111\u1ed9 \u1ed5n \u0111\u1ecbnh nhi\u1ec7t v\u00e0 t\u00ednh ch\u1ed1ng oxy h\u00f3a v\u01b0\u1ee3t b\u1eadc, hi\u1ec7u qu\u1ea3 gi\u1ea3m thi\u1ec3u c\u1eb7n l\u1eafng v\u00e0 l\u1eafng \u0111\u1ecdng d\u01b0\u1edbi \u0111i\u1ec1u ki\u1ec7n v\u1eadn h\u00e0nh nhi\u1ec7t \u0111\u1ed9 cao li\u00ean t\u1ee5c. \u0110i\u1ec1u n\u00e0y \u0111\u1ea3m b\u1ea3o t\u00ednh to\u00e0n v\u1eb9n c\u1ee7a d\u1ea7u su\u1ed1t to\u00e0n b\u1ed9 chu k\u1ef3 thay d\u1ea7u, ngay c\u1ea3 trong c\u00e1c t\u00ecnh hu\u1ed1ng kh\u1eafc nghi\u1ec7t nh\u01b0 k\u00e9o t\u1ea3i, l\u00e1i xe \u0111\u1ecba h\u00ecnh \u0111\u1ed3i n\u00fai v\u00e0 s\u1eed d\u1ee5ng tr\u00ean \u0111\u01b0\u1eddng \u0111ua.<\/p>\n\n\n\n<p><strong>\u2605 Tu\u00e2n th\u1ee7 k\u00e9p API SP v\u00e0 ACEA C3:<\/strong><br>V\u1edbi vi\u1ec7c \u0111\u00e1p \u1ee9ng ho\u1eb7c v\u01b0\u1ee3t qua c\u1ea3 ti\u00eau chu\u1ea9n API SP l\u1eabn ACEA C3, s\u1ea3n ph\u1ea9m duy nh\u1ea5t n\u00e0y th\u1ecfa m\u00e3n y\u00eau c\u1ea7u c\u1ee7a c\u00e1c nh\u00e0 s\u1ea3n xu\u1ea5t xe t\u1ea1i B\u1eafc M\u1ef9, ch\u00e2u \u00c2u v\u00e0 ch\u00e2u \u00c1, tr\u1edf th\u00e0nh l\u1ef1a ch\u1ecdn \u0111a n\u0103ng v\u01b0\u1ee3t tr\u1ed9i cho kh\u00e1ch h\u00e0ng B2B to\u00e0n c\u1ea7u.<\/p>\n\n\n\n<h2 class=\"wp-block-heading\" id=\"technical-specifications\">Th\u00f4ng s\u1ed1 K\u1ef9 thu\u1eadt<\/h2>\n\n\n\n<figure class=\"wp-block-table\"><table class=\"has-fixed-layout\"><thead><tr><th>Th\u00f4ng s\u1ed1<\/th><th>0W-30 SP (F9)<\/th><th>0W-40 SP (F9)<\/th><\/tr><\/thead><tbody><tr><td><strong>C\u1ea5p \u0111\u1ed9 nh\u1edbt<\/strong><\/td><td>SAE 0W-30<\/td><td>SAE 0W-40<\/td><\/tr><tr><td><strong>Ph\u00e2n lo\u1ea1i API<\/strong><\/td><td>SP<\/td><td>SP<\/td><\/tr><tr><td><strong>Ph\u00e2n lo\u1ea1i ACEA<\/strong><\/td><td>C3<\/td><td>C3<\/td><\/tr><tr><td><strong>Ph\u00ea duy\u1ec7t OEM<\/strong><\/td><td>MB 229.51 \/ 229.52<\/td><td>MB 229.51 \/ 229.52<\/td><\/tr><tr><td><strong>C\u1ea5p hi\u1ec7u su\u1ea5t<\/strong><\/td><td>F9<\/td><td>F9<\/td><\/tr><tr><td><strong>Lo\u1ea1i d\u1ea7u g\u1ed1c<\/strong><\/td><td>T\u1ed5ng h\u1ee3p ho\u00e0n to\u00e0n<\/td><td>T\u1ed5ng h\u1ee3p ho\u00e0n to\u00e0n<\/td><\/tr><tr><td><strong>T\u01b0\u01a1ng th\u00edch GPF \/ DPF<\/strong><\/td><td>C\u00f3<\/td><td>C\u00f3<\/td><\/tr><tr><td><strong>B\u1ea3o v\u1ec7 LSPI<\/strong><\/td><td>C\u00f3<\/td><td>C\u00f3<\/td><\/tr><tr><td><strong>Ti\u00eau chu\u1ea9n th\u1ef1c thi<\/strong><\/td><td>Q\/KCYG003-2023<\/td><td>Q\/KCYG003-2023<\/td><\/tr><tr><td><strong>Bao b\u00ec C\u00f3 s\u1eb5n<\/strong><\/td><td>1L, 4L, Th\u00f9ng 208L<\/td><td>1L, 4L, Th\u00f9ng 208L<\/td><\/tr><tr><td><strong>Th\u1eddi h\u1ea1n s\u1eed d\u1ee5ng<\/strong><\/td><td>5 N\u0103m<\/td><td>5 N\u0103m<\/td><\/tr><\/tbody><\/table><\/figure>\n\n\n\n<h2 class=\"wp-block-heading\" id=\"application-areas-and-compatible-vehicles\">L\u0129nh v\u1ef1c \u1ee9ng d\u1ee5ng v\u00e0 xe t\u01b0\u01a1ng th\u00edch<\/h2>\n\n\n\n<ul class=\"wp-block-list\">\n<li><strong>Mercedes-Benz to\u00e0n d\u00f2ng:<\/strong> C-Class, E-Class, S-Class, GLC, GLE, GLS, c\u00e1c m\u1eabu AMG v\u00e0 xe t\u1ea3i nh\u1eb9 Sprinter y\u00eau c\u1ea7u d\u1ea7u theo ti\u00eau chu\u1ea9n MB 229.51\/229.52.<\/li>\n\n\n\n<li><strong>C\u00e1c th\u01b0\u01a1ng hi\u1ec7u cao c\u1ea5p ch\u00e2u \u00c2u kh\u00e1c:<\/strong> BMW, Audi, Volkswagen, Porsche, Volvo, Jaguar Land Rover v\u00e0 c\u00e1c h\u00e3ng kh\u00e1c y\u00eau c\u1ea7u d\u1ea7u b\u00f4i tr\u01a1n tu\u00e2n th\u1ee7 ACEA C3.<\/li>\n\n\n\n<li><strong>Xe hi\u1ec7u su\u1ea5t cao M\u1ef9:<\/strong> Ford Mustang, Chevrolet Corvette\/Camaro, Dodge\/RAM, Cadillac, Lincoln v\u00e0 c\u00e1c n\u1ec1n t\u1ea3ng kh\u00e1c quy \u0111\u1ecbnh d\u1ea7u API SP 0W-30 ho\u1eb7c 0W-40.<\/li>\n\n\n\n<li><strong>Xe sang Nh\u1eadt B\u1ea3n v\u00e0 H\u00e0n Qu\u1ed1c:<\/strong> Lexus, Infiniti, Acura, Genesis v\u00e0 c\u00e1c m\u1eabu cao c\u1ea5p kh\u00e1c v\u1edbi \u0111\u1ed9ng c\u01a1 GDI t\u0103ng \u00e1p turbo.<\/li>\n\n\n\n<li><strong>H\u1ec7 truy\u1ec1n \u0111\u1ed9ng Hybrid v\u00e0 Hybrid nh\u1eb9:<\/strong> H\u1ec7 th\u1ed1ng hybrid nh\u1eb9 48V (ph\u1ed5 bi\u1ebfn tr\u00ean Mercedes-Benz, BMW v\u00e0 Audi) c\u00f9ng xe hybrid \u0111\u1ea7y \u0111\u1ee7, n\u01a1i d\u1ea7u \u0111\u1ed9 nh\u1edbt th\u1ea5p v\u00e0 ma s\u00e1t th\u1ea5p l\u00e0 y\u1ebfu t\u1ed1 thi\u1ebft y\u1ebfu.<\/li>\n\n\n\n<li><strong>\u1ee8ng d\u1ee5ng \u0111ua xe v\u00e0 \u0111\u01b0\u1eddng \u0111ua:<\/strong> C\u1ea5p \u0111\u1ed9 0W-40 l\u00fd t\u01b0\u1edfng cho s\u1eed d\u1ee5ng \u0111\u01b0\u1eddng \u0111ua \u1edf v\u00f2ng tua cao, nhi\u1ec7t \u0111\u1ed9 cao n\u01a1i kh\u1ea3 n\u0103ng gi\u1eef \u0111\u1ed9 nh\u1edbt d\u01b0\u1edbi \u00e1p l\u1ef1c nhi\u1ec7t c\u1ef1c \u0111\u1ea1i l\u00e0 y\u1ebfu t\u1ed1 quy\u1ebft \u0111\u1ecbnh.<\/li>\n\n\n\n<li><strong>Xe t\u1ea3i nh\u1eb9:<\/strong> Mercedes-Benz Vito, Sprinter, Volkswagen Transporter\/Crafter v\u00e0 c\u00e1c xe t\u1ea3i nh\u1eb9 t\u01b0\u01a1ng t\u1ef1 d\u00f9ng trong v\u1eadn h\u00e0nh giao h\u00e0ng \u0111\u00f4 th\u1ecb v\u00e0 \u0111\u1ed9i xe d\u1ecbch v\u1ee5.<\/li>\n<\/ul>\n\n\n\n<h2 class=\"wp-block-heading\" id=\"target-customers-and-b2b-solutions\">Kh\u00e1ch h\u00e0ng M\u1ee5c ti\u00eau v\u00e0 Gi\u1ea3i ph\u00e1p B2B<\/h2>\n\n\n\n<p><strong>\u0110\u1ea1i l\u00fd v\u00e0 trung t\u00e2m d\u1ecbch v\u1ee5 \u1ee7y quy\u1ec1n Mercedes-Benz:<\/strong> L\u00e0 d\u1ea7u \u0111\u01b0\u1ee3c Mercedes-Benz ph\u00ea duy\u1ec7t, s\u1ea3n ph\u1ea9m n\u00e0y ho\u00e0n h\u1ea3o cho c\u00e1c x\u01b0\u1edfng \u0111\u1ea1i l\u00fd \u1ee7y quy\u1ec1n, cung c\u1ea5p d\u1ecbch v\u1ee5 ch\u1ea5t l\u01b0\u1ee3ng OEM v\u1edbi s\u1ef1 h\u1ed7 tr\u1ee3 ch\u1ee9ng nh\u1eadn \u0111\u1ea7y \u0111\u1ee7.<\/p>\n\n\n\n<p><strong>X\u01b0\u1edfng chuy\u00ean xe ch\u00e2u \u00c2u:<\/strong> C\u00e1c gara \u0111\u1ed9c l\u1eadp chuy\u00ean b\u1ea3o d\u01b0\u1ee1ng xe \u0110\u1ee9c v\u00e0 ch\u00e2u \u00c2u c\u00f3 th\u1ec3 t\u1eadn d\u1ee5ng ch\u1ee9ng nh\u1eadn MB-Approval c\u00f9ng ACEA C3 \u0111\u1ec3 thu h\u00fat kh\u00e1ch h\u00e0ng cao c\u1ea5p v\u00e0 \u0111\u1ecbnh gi\u00e1 d\u1ecbch v\u1ee5 cao h\u01a1n.<\/p>\n\n\n\n<p><strong>C\u00e1c \u0111\u1ed9i xe cao c\u1ea5p:<\/strong> \u0110\u1ed9i xe doanh nghi\u1ec7p, d\u1ecbch v\u1ee5 xe \u0111\u01b0a \u0111\u00f3n l\u00e3nh \u0111\u1ea1o, c\u00f4ng ty cho thu\u00ea xe sang v\u00e0 \u0111\u1ed9i xe ngo\u1ea1i giao v\u1eadn h\u00e0nh Mercedes-Benz, BMW, Audi s\u1ebd h\u01b0\u1edfng l\u1ee3i t\u1eeb b\u1ea3o v\u1ec7 \u0111\u1ed9ng c\u01a1 v\u01b0\u1ee3t tr\u1ed9i v\u00e0 chu k\u1ef3 thay d\u1ea7u k\u00e9o d\u00e0i.<\/p>\n\n\n\n<p><strong>Nh\u00e0 ph\u00e2n ph\u1ed1i v\u00e0 nh\u1eadp kh\u1ea9u d\u1ea7u b\u00f4i tr\u01a1n:<\/strong> C\u00e1c nh\u00e0 ph\u00e2n ph\u1ed1i khu v\u1ef1c v\u00e0 qu\u1ed1c gia ph\u1ee5c v\u1ee5 th\u1ecb tr\u01b0\u1eddng xe ch\u00e2u \u00c2u c\u00f3 th\u1ec3 n\u1ed5i b\u1eadt danh m\u1ee5c s\u1ea3n ph\u1ea9m v\u1edbi d\u1ea7u \u0111\u01b0\u1ee3c Mercedes-Benz ph\u00ea duy\u1ec7t th\u1ef1c th\u1ee5. ROCKEFELLER cung c\u1ea5p gi\u00e1 s\u1ec9, \u0111\u1ed3ng th\u01b0\u01a1ng hi\u1ec7u v\u00e0 h\u1ed7 tr\u1ee3 b\u00e1n h\u00e0ng to\u00e0n di\u1ec7n.<\/p>\n\n\n\n<p><strong>\u0110\u1ed9i \u0111ua v\u00e0 x\u01b0\u1edfng \u0111\u1ed9 xe hi\u1ec7u su\u1ea5t:<\/strong> Phi\u00ean b\u1ea3n 0W-40 cung c\u1ea5p b\u1ea3o v\u1ec7 nhi\u1ec7t \u0111\u1ed9 cao v\u00e0 \u0111\u1ed9 \u1ed5n \u0111\u1ecbnh nh\u1edbt m\u00e0 c\u00e1c \u1ee9ng d\u1ee5ng \u0111ua xe c\u1ea1nh tranh c\u00f9ng \u0111\u1ed9 xe h\u1eadu m\u00e3i \u0111\u00f2i h\u1ecfi.<\/p>\n\n\n\n<h2 class=\"wp-block-heading\" id=\"why-choose-f9-performance-tier-0w-30-0w-40-sp-for-your-business\">T\u1ea1i sao ch\u1ecdn F9 Performance Tier 0W-30\/0W-40 SP cho doanh nghi\u1ec7p c\u1ee7a b\u1ea1n?<\/h2>\n\n\n\n<ol class=\"wp-block-list\">\n<li><strong>Ph\u00ea duy\u1ec7t ch\u00ednh th\u1ee9c Mercedes-Benz MB-Approval 229.51\/229.52<\/strong> \u2014 m\u1ed9t t\u00edn hi\u1ec7u tin c\u1eady m\u1ea1nh m\u1ebd d\u00e0nh cho ch\u1ee7 s\u1edf h\u1eefu xe cao c\u1ea5p v\u00e0 nh\u00e0 cung c\u1ea5p d\u1ecbch v\u1ee5.<\/li>\n\n\n\n<li><strong>F9 Performance Tier<\/strong> \u2014 ph\u00e2n lo\u1ea1i s\u1ea3n ph\u1ea9m cao c\u1ea5p nh\u1ea5t trong d\u00f2ng ROCKEFELLER, bi\u1ec3u th\u1ecb ch\u1ea5t l\u01b0\u1ee3ng c\u00f4ng th\u1ee9c tinh t\u00fay.<\/li>\n\n\n\n<li><strong>B\u1ea3o v\u1ec7 GPF\/DPF<\/strong> \u2014 b\u1ea3o v\u1ec7 c\u00e1c h\u1ec7 th\u1ed1ng x\u1eed l\u00fd kh\u00ed th\u1ea3i \u0111\u1eaft \u0111\u1ecf, gi\u1ea3m thi\u1ec3u khi\u1ebfu n\u1ea1i b\u1ea3o h\u00e0nh v\u00e0 chi ph\u00ed b\u1ea3o d\u01b0\u1ee1ng.<\/li>\n\n\n\n<li><strong>Tu\u00e2n th\u1ee7 k\u00e9p API SP + ACEA C3<\/strong> \u2014 m\u1ed9t s\u1ea3n ph\u1ea9m \u0111\u00e1p \u1ee9ng c\u1ea3 ti\u00eau chu\u1ea9n B\u1eafc M\u1ef9 l\u1eabn ch\u00e2u \u00c2u.<\/li>\n\n\n\n<li><strong>Th\u1eddi h\u1ea1n S\u1eed d\u1ee5ng 5 N\u0103m<\/strong> \u2014 \u0111\u1ed9 \u1ed5n \u0111\u1ecbnh l\u01b0u tr\u1eef v\u01b0\u1ee3t tr\u1ed9i cho ho\u1ea1t \u0111\u1ed9ng ph\u00e2n ph\u1ed1i v\u00e0 kho b\u00e3i to\u00e0n c\u1ea7u.<\/li>\n\n\n\n<li><strong>Ch\u01b0\u01a1ng tr\u00ecnh \u0111\u1ed1i t\u00e1c B2B to\u00e0n di\u1ec7n<\/strong> \u2014 \u0111\u00e0o t\u1ea1o k\u1ef9 thu\u1eadt, h\u1ed7 tr\u1ee3 ti\u1ebfp th\u1ecb v\u00e0 qu\u1ea3n l\u00fd t\u00e0i kho\u1ea3n chuy\u00ean tr\u00e1ch d\u00e0nh cho c\u00e1c \u0111\u1ed1i t\u00e1c ph\u00e2n ph\u1ed1i.<\/li>\n<\/ol>","protected":false},"featured_media":980,"parent":0,"template":"","meta":{"_acf_changed":true,"_gspb_post_css":"","_kad_blocks_custom_css":"","_kad_blocks_head_custom_js":"","_kad_blocks_body_custom_js":"","_kad_blocks_footer_custom_js":"","_kad_post_transparent":"","_kad_post_title":"","_kad_post_layout":"","_kad_post_sidebar_id":"","_kad_post_content_style":"","_kad_post_vertical_padding":"","_kad_post_feature":"","_kad_post_feature_position":"","_kad_post_header":false,"_kad_post_footer":false,"_kad_post_classname":""},"product-category":[4],"class_list":["post-978","product","type-product","status-publish","has-post-thumbnail","hentry","product-category-gasoline-engine-oil"],"acf":[],"taxonomy_info":{"product-category":[{"value":4,"label":"Gasoline Engine Oil"}]},"featured_image_src_large":["https:\/\/felleroil.com\/wp-content\/uploads\/2026\/03\/F9-1L-0w30.jpg",800,800,false],"author_info":[],"comment_info":"","_links":{"self":[{"href":"https:\/\/felleroil.com\/vi\/wp-json\/wp\/v2\/product\/978","targetHints":{"allow":["GET"]}}],"collection":[{"href":"https:\/\/felleroil.com\/vi\/wp-json\/wp\/v2\/product"}],"about":[{"href":"https:\/\/felleroil.com\/vi\/wp-json\/wp\/v2\/types\/product"}],"wp:featuredmedia":[{"embeddable":true,"href":"https:\/\/felleroil.com\/vi\/wp-json\/wp\/v2\/media\/980"}],"wp:attachment":[{"href":"https:\/\/felleroil.com\/vi\/wp-json\/wp\/v2\/media?parent=978"}],"wp:term":[{"taxonomy":"product-category","embeddable":true,"href":"https:\/\/felleroil.com\/vi\/wp-json\/wp\/v2\/product-category?post=978"}],"curies":[{"name":"wp","href":"https:\/\/api.w.org\/{rel}","templated":true}]}}