{"id":954,"date":"2026-03-24T01:25:58","date_gmt":"2026-03-24T01:25:58","guid":{"rendered":"https:\/\/feller.easiwin.cn\/?post_type=product&#038;p=954"},"modified":"2026-03-24T01:53:24","modified_gmt":"2026-03-24T01:53:24","slug":"rockefeller-0w-20-sp-full-synthetic-engine-oil","status":"publish","type":"product","link":"https:\/\/felleroil.com\/vi\/product\/rockefeller-0w-20-sp-full-synthetic-engine-oil\/","title":{"rendered":"D\u1ea7u \u0110\u1ed9ng c\u01a1 T\u1ed5ng h\u1ee3p \u0110\u1ea7y \u0111\u1ee7 F9 Performance Tier 0W-20 SP"},"content":{"rendered":"<h2 class=\"wp-block-heading\" id=\"product-overview-rockefeller-0w-20-sp-acea-c5-engine-oil\">T\u1ed5ng quan s\u1ea3n ph\u1ea9m \u2013 D\u1ea7u \u0111\u1ed9ng c\u01a1 ROCKEFELLER 0W-20 SP ACEA C5<\/h2>\n\n\n\n<p>ROCKEFELLER 0W-20 SP l\u00e0 d\u1ea7u \u0111\u1ed9ng c\u01a1 t\u1ed5ng h\u1ee3p ho\u00e0n to\u00e0n th\u1ebf h\u1ec7 m\u1edbi, \u0111\u01b0\u1ee3c thi\u1ebft k\u1ebf \u0111\u1ec3 \u0111\u00e1p \u1ee9ng c\u00e1c y\u00eau c\u1ea7u kh\u1eaft khe c\u1ee7a \u0111\u1ed9ng c\u01a1 hi\u1ec7u su\u1ea5t cao, ti\u1ebft ki\u1ec7m nhi\u00ean li\u1ec7u ng\u00e0y nay. V\u1edbi ch\u1ee9ng nh\u1eadn API SP v\u00e0 ph\u00e2n lo\u1ea1i ACEA C5, lo\u1ea1i d\u1ea7u b\u00f4i tr\u01a1n n\u00e0y \u0111\u1ea1i di\u1ec7n cho \u0111\u1ec9nh cao c\u00f4ng ngh\u1ec7 d\u1ea7u \u0111\u1ed9ng c\u01a1 hi\u1ec7n \u0111\u1ea1i. N\u00f3 \u0111\u01b0\u1ee3c pha ch\u1ebf \u0111\u1eb7c bi\u1ec7t t\u1eeb d\u1ea7u g\u1ed1c tinh khi\u1ebft cao v\u00e0 g\u00f3i ph\u1ee5 gia ti\u00ean ti\u1ebfn \u0111\u1ec3 cung c\u1ea5p b\u1ea3o v\u1ec7 v\u01b0\u1ee3t tr\u1ed9i cho \u0111\u1ed9ng c\u01a1 phun x\u0103ng tr\u1ef1c ti\u1ebfp t\u0103ng \u00e1p (TGDI), ng\u00e0y c\u00e0ng ph\u1ed5 bi\u1ebfn tr\u00ean th\u1ecb tr\u01b0\u1eddng \u00f4 t\u00f4 to\u00e0n c\u1ea7u.<\/p>\n\n\n\n<p>S\u1ea3n ph\u1ea9m n\u00e0y \u0111\u01b0\u1ee3c s\u1ea3n xu\u1ea5t tu\u00e2n th\u1ee7 ti\u00eau chu\u1ea9n th\u1ef1c thi Q\/KCYG003-2023 v\u00e0 \u0111\u01b0\u1ee3c ph\u00ea duy\u1ec7t cho th\u00f4ng s\u1ed1 k\u1ef9 thu\u1eadt Volkswagen VW 508.00\/509.00, tr\u1edf th\u00e0nh l\u1ef1a ch\u1ecdn linh ho\u1ea1t cho nhi\u1ec1u n\u1ec1n t\u1ea3ng xe ch\u00e2u \u00c2u, Nh\u1eadt B\u1ea3n, H\u00e0n Qu\u1ed1c v\u00e0 M\u1ef9. Ch\u1ec9 \u0111\u1ecbnh c\u1ea5p hi\u1ec7u su\u1ea5t F9 c\u00e0ng nh\u1ea5n m\u1ea1nh v\u1ecb th\u1ebf h\u00e0ng \u0111\u1ea7u c\u1ee7a n\u00f3 trong s\u1ed1 c\u00e1c d\u1ea7u t\u1ed5ng h\u1ee3p.<\/p>\n\n\n\n<h2 class=\"wp-block-heading\" id=\"key-functional-features-and-performance-benefits\">C\u00e1c T\u00ednh n\u0103ng Ch\u1ee9c n\u0103ng Ch\u00ednh v\u00e0 L\u1ee3i \u00edch Hi\u1ec7u su\u1ea5t<\/h2>\n\n\n\n<p><strong>B\u1ea3o v\u1ec7 \u00e1p su\u1ea5t c\u1ef1c \u0111\u1ea1i:<\/strong> Trong \u0111i\u1ec1u ki\u1ec7n \u00e1p su\u1ea5t c\u1ef1c \u0111\u1ea1i, ROCKEFELLER 0W-20 SP cung c\u1ea5p b\u1ea3o v\u1ec7 b\u00f4i tr\u01a1n hi\u1ec7u qu\u1ea3 cao. C\u00f4ng th\u1ee9c ti\u00ean ti\u1ebfn \u0111\u1ea3m b\u1ea3o \u0111\u1ea7u ra hi\u1ec7u su\u1ea5t m\u1ea1nh m\u1ebd h\u01a1n, gi\u00fap \u0111\u1ed9ng c\u01a1 ph\u00e1t huy c\u00f4ng su\u1ea5t l\u1edbn h\u01a1n \u0111\u1ed3ng th\u1eddi mang l\u1ea1i tr\u1ea3i nghi\u1ec7m l\u00e1i xe m\u1ea1nh m\u1ebd, nh\u1ea1y b\u00e9n cho ch\u1ee7 xe. \u0110i\u1ec1u n\u00e0y \u0111\u1eb7c bi\u1ec7t quan tr\u1ecdng \u0111\u1ed1i v\u1edbi \u0111\u1ed9ng c\u01a1 t\u0103ng \u00e1p thu nh\u1ecf hi\u1ec7n \u0111\u1ea1i ho\u1ea1t \u0111\u1ed9ng d\u01b0\u1edbi t\u1ea3i tr\u1ecdng ri\u00eang cao h\u01a1n.<\/p>\n\n\n\n<p><strong>Hi\u1ec7u su\u1ea5t ch\u1ed1ng m\u00e0i m\u00f2n v\u01b0\u1ee3t tr\u1ed9i:<\/strong> D\u1ea7u t\u1ea1o th\u00e0nh m\u00e0ng d\u1ea7u \u0111\u00e0n h\u1ed3i, b\u1ec1n b\u1ec9 tr\u00ean b\u1ec1 m\u1eb7t kim lo\u1ea1i, cung c\u1ea5p l\u1edbp b\u1ea3o v\u1ec7 v\u1eefng ch\u1eafc ch\u1ecbu \u0111\u1ef1ng m\u1ecdi \u0111i\u1ec1u ki\u1ec7n \u0111\u01b0\u1eddng s\u00e1 kh\u1eafc nghi\u1ec7t. \u0110i\u1ec1u n\u00e0y gi\u1ea3m \u0111\u00e1ng k\u1ec3 m\u00e0i m\u00f2n \u0111\u1ed9ng c\u01a1 theo th\u1eddi gian, k\u00e9o d\u00e0i tu\u1ed5i th\u1ecd c\u00e1c linh ki\u1ec7n quan tr\u1ecdng nh\u01b0 tr\u1ee5c cam, v\u00f2ng piston v\u00e0 xi lanh.<\/p>\n\n\n\n<p><strong>Hi\u1ec7u su\u1ea5t ph\u00e2n t\u00e1n s\u1ea1ch tuy\u1ec7t v\u1eddi:<\/strong> C\u1eb7n b\u1ea9n v\u00e0 mu\u1ed9i carbon l\u00e0 nguy\u00ean nh\u00e2n ph\u1ed5 bi\u1ebfn nh\u1ea5t g\u00e2y suy gi\u1ea3m \u0111\u1ed9ng c\u01a1. ROCKEFELLER 0W-20 SP s\u1edf h\u1eefu ph\u1ee5 gia ch\u1ea5t t\u1ea9y r\u1eeda v\u00e0 ph\u00e2n t\u00e1n ti\u00ean ti\u1ebfn, hi\u1ec7u qu\u1ea3 ng\u0103n ch\u1eb7n h\u00ecnh th\u00e0nh c\u1eb7n b\u1ea9n v\u00e0 mu\u1ed9i carbon, gi\u1eef cho b\u00ean trong \u0111\u1ed9ng c\u01a1 s\u1ea1ch s\u1ebd \u0111\u00e1ng kinh ng\u1ea1c v\u00e0 k\u00e9o d\u00e0i chu k\u1ef3 thay d\u1ea7u.<\/p>\n\n\n\n<p><strong>Hi\u1ec7u su\u1ea5t ti\u1ebft ki\u1ec7m nhi\u00ean li\u1ec7u xu\u1ea5t s\u1eafc:<\/strong> M\u1ed9t trong nh\u1eefng l\u1ee3i th\u1ebf l\u1edbn nh\u1ea5t c\u1ee7a c\u00f4ng th\u1ee9c 0W-20 n\u00e0y l\u00e0 \u0111\u00f3ng g\u00f3p v\u00e0o ti\u1ebft ki\u1ec7m nhi\u00ean li\u1ec7u. B\u1eb1ng c\u00e1ch gi\u1ea3m ma s\u00e1t n\u1ed9i b\u1ed9 v\u00e0 c\u1ea3i thi\u1ec7n hi\u1ec7u su\u1ea5t \u0111\u1ed1t ch\u00e1y nhi\u00ean li\u1ec7u, lo\u1ea1i d\u1ea7u n\u00e0y gi\u00fap ng\u01b0\u1eddi v\u1eadn h\u00e0nh xe \u0111\u1ea1t \u0111\u01b0\u1ee3c ti\u1ebft ki\u1ec7m nhi\u00ean li\u1ec7u \u0111o l\u01b0\u1eddng \u0111\u01b0\u1ee3c. Hi\u1ec7u su\u1ea5t c\u1ee7a n\u00f3 duy tr\u00ec \u1ed5n \u0111\u1ecbnh v\u00e0 b\u1ec1n v\u1eefng su\u1ed1t to\u00e0n b\u1ed9 chu k\u1ef3 thay d\u1ea7u, ho\u00e0n to\u00e0n ph\u00f9 h\u1ee3p v\u1edbi ti\u00eau chu\u1ea9n ti\u1ebft ki\u1ec7m n\u0103ng l\u01b0\u1ee3ng ACEA C5 m\u1edbi nh\u1ea5t.<\/p>\n\n\n\n<p><strong>T\u00ednh Ch\u1ed1ng Oxi H\u00f3a v\u00e0 Ch\u1ed1ng K\u1ebft T\u1ee7a:<\/strong> D\u1ea7u ROCKEFELLER 0W-20 SP th\u1ec3 hi\u1ec7n kh\u1ea3 n\u0103ng ch\u1ed1ng oxi h\u00f3a v\u00e0 k\u1ebft t\u1ee7a v\u01b0\u1ee3t tr\u1ed9i, \u0111\u1ea3m b\u1ea3o t\u00ednh to\u00e0n v\u1eb9n c\u1ee7a d\u1ea7u \u0111\u01b0\u1ee3c duy tr\u00ec ngay c\u1ea3 trong \u0111i\u1ec1u ki\u1ec7n v\u1eadn h\u00e0nh nhi\u1ec7t \u0111\u1ed9 cao k\u00e9o d\u00e0i. Quan tr\u1ecdng h\u01a1n, s\u1ea3n ph\u1ea9m c\u00f2n \u1ee9c ch\u1ebf hi\u1ec7n t\u01b0\u1ee3ng Ch\u00e1y S\u1edbm T\u1ed1c \u0110\u1ed9 Th\u1ea5p (LSPI), m\u1ed9t hi\u1ec7n t\u01b0\u1ee3ng ph\u00e1 h\u1ee7y c\u00f3 th\u1ec3 g\u00e2y h\u01b0 h\u1ecfng nghi\u00eam tr\u1ecdng cho \u0111\u1ed9ng c\u01a1 TGDI hi\u1ec7n \u0111\u1ea1i.<\/p>\n\n\n\n<h2 class=\"wp-block-heading\" id=\"technical-specifications\">Th\u00f4ng s\u1ed1 K\u1ef9 thu\u1eadt<\/h2>\n\n\n\n<figure class=\"wp-block-table\"><table class=\"has-fixed-layout\"><thead><tr><th>Th\u00f4ng s\u1ed1<\/th><th>Th\u00f4ng S\u1ed1 K\u1ef9 Thu\u1eadt<\/th><\/tr><\/thead><tbody><tr><td><strong>C\u1ea5p \u0111\u1ed9 nh\u1edbt<\/strong><\/td><td>SAE 0W-20<\/td><\/tr><tr><td><strong>Ph\u00e2n lo\u1ea1i API<\/strong><\/td><td>SP<\/td><\/tr><tr><td><strong>Ph\u00e2n lo\u1ea1i ACEA<\/strong><\/td><td>C5<\/td><\/tr><tr><td><strong>Ph\u00ea duy\u1ec7t OEM<\/strong><\/td><td>VW 508.00 \/ 509.00<\/td><\/tr><tr><td><strong>C\u1ea5p hi\u1ec7u su\u1ea5t<\/strong><\/td><td>F9<\/td><\/tr><tr><td><strong>Lo\u1ea1i d\u1ea7u g\u1ed1c<\/strong><\/td><td>T\u1ed5ng H\u1ee3p 100% (Nh\u00f3m III+ \/ Nh\u00f3m IV)<\/td><\/tr><tr><td><strong>Ti\u00eau chu\u1ea9n th\u1ef1c thi<\/strong><\/td><td>Q\/KCYG003-2023<\/td><\/tr><tr><td><strong>B\u1ea3o v\u1ec7 LSPI<\/strong><\/td><td>C\u00f3<\/td><\/tr><tr><td><strong>B\u1ea3o V\u1ec7 Chu\u1ed7i X\u00edch \u0110\u1ecbnh Th\u1eddi<\/strong><\/td><td>C\u00f3<\/td><\/tr><tr><td><strong>Bao b\u00ec C\u00f3 s\u1eb5n<\/strong><\/td><td>1L, 4L, Th\u00f9ng 208L<\/td><\/tr><tr><td><strong>Th\u1eddi h\u1ea1n s\u1eed d\u1ee5ng<\/strong><\/td><td>5 N\u0103m<\/td><\/tr><tr><td><strong>Chu K\u1ef3 Thay D\u1ea7u Khuy\u1ebfn Ngh\u1ecb<\/strong><\/td><td>L\u00ean \u0111\u1ebfn 15.000 km (ho\u1eb7c theo khuy\u1ebfn ngh\u1ecb c\u1ee7a nh\u00e0 s\u1ea3n xu\u1ea5t OEM)<\/td><\/tr><\/tbody><\/table><\/figure>\n\n\n\n<h2 class=\"wp-block-heading\" id=\"application-areas-and-compatible-vehicles\">L\u0129nh v\u1ef1c \u1ee9ng d\u1ee5ng v\u00e0 xe t\u01b0\u01a1ng th\u00edch<\/h2>\n\n\n\n<p>D\u1ea7u ROCKEFELLER 0W-20 SP \u0111\u01b0\u1ee3c thi\u1ebft k\u1ebf chuy\u00ean bi\u1ec7t cho c\u00e1c \u1ee9ng d\u1ee5ng sau:<\/p>\n\n\n\n<ul class=\"wp-block-list\">\n<li><strong>Xe Ch\u00e2u \u00c2u:<\/strong> C\u00e1c m\u1eabu Volkswagen, Audi, Skoda, SEAT, Porsche v\u00e0 c\u00e1c d\u00f2ng thu\u1ed9c t\u1eadp \u0111o\u00e0n VAG y\u00eau c\u1ea7u d\u1ea7u \u0111\u1ea1t chu\u1ea9n VW 508.00\/509.00. C\u0169ng ph\u00f9 h\u1ee3p v\u1edbi m\u1ed9t s\u1ed1 m\u1eabu BMW, Mercedes-Benz v\u00e0 Volvo khuy\u1ebfn ngh\u1ecb s\u1eed d\u1ee5ng d\u1ea7u b\u00f4i tr\u01a1n ACEA C5.<\/li>\n\n\n\n<li><strong>Xe Nh\u1eadt B\u1ea3n:<\/strong> C\u00e1c m\u1eabu Toyota, Honda, Nissan, Mazda, Subaru v\u00e0 Mitsubishi \u0111\u01b0\u1ee3c trang b\u1ecb \u0111\u1ed9ng c\u01a1 GDI t\u0103ng \u00e1p v\u00e0 h\u00fat kh\u00ed t\u1ef1 nhi\u00ean y\u00eau c\u1ea7u d\u1ea7u API SP 0W-20.<\/li>\n\n\n\n<li><strong>Xe H\u00e0n Qu\u1ed1c:<\/strong> C\u00e1c m\u1eabu Hyundai, Kia v\u00e0 Genesis quy \u0111\u1ecbnh s\u1eed d\u1ee5ng d\u1ea7u c\u00f3 \u0111\u1ed9 nh\u1edbt 0W-20.<\/li>\n\n\n\n<li><strong>Xe M\u1ef9:<\/strong> C\u00e1c xe Ford, General Motors (Chevrolet, Buick, Cadillac) v\u00e0 Chrysler\/Stellantis khuy\u1ebfn ngh\u1ecb d\u1ea7u \u0111\u1ed9ng c\u01a1 API SP 0W-20.<\/li>\n\n\n\n<li><strong>Xe Hybrid:<\/strong> \u0110\u1eb7c bi\u1ec7t ph\u00f9 h\u1ee3p v\u1edbi xe hybrid \u0111i\u1ec7n (HEVs) v\u00e0 xe hybrid s\u1ea1c \u0111i\u1ec7n (PHEVs), n\u01a1i ti\u1ebft ki\u1ec7m nhi\u00ean li\u1ec7u v\u00e0 b\u00f4i tr\u01a1n \u0111\u1ed9 nh\u1edbt th\u1ea5p l\u00e0 y\u1ebfu t\u1ed1 then ch\u1ed1t.<\/li>\n<\/ul>\n\n\n\n<h2 class=\"wp-block-heading\" id=\"target-customers-and-b2b-solutions\">Kh\u00e1ch h\u00e0ng M\u1ee5c ti\u00eau v\u00e0 Gi\u1ea3i ph\u00e1p B2B<\/h2>\n\n\n\n<p><strong>Nh\u00e0 S\u1ea3n Xu\u1ea5t OEM v\u00e0 Nh\u00e0 Cung C\u1ea5p C\u1ea5p 1:<\/strong> ROCKEFELLER cung c\u1ea5p c\u00e1c ch\u01b0\u01a1ng tr\u00ecnh d\u1ea7u nguy\u00ean li\u1ec7u nh\u00e0 m\u00e1y v\u00e0 d\u1ea7u \u0111\u1ed5 l\u1ea7n \u0111\u1ea7u cho c\u00e1c nh\u00e0 s\u1ea3n xu\u1ea5t \u00f4 t\u00f4 t\u00ecm ki\u1ebfm d\u1ea7u b\u00f4i tr\u01a1n ch\u1ea5t l\u01b0\u1ee3ng cao \u0111\u1ea1t c\u00e1c ti\u00eau chu\u1ea9n qu\u1ed1c t\u1ebf m\u1edbi nh\u1ea5t.<\/p>\n\n\n\n<p><strong>Trung T\u00e2m D\u1ecbch V\u1ee5 \u00d4 T\u00f4 v\u00e0 X\u01b0\u1edfng S\u1eeda Ch\u1eefa:<\/strong> C\u00e1c gara \u0111\u1ed9c l\u1eadp, chu\u1ed7i d\u1ecbch v\u1ee5 thay d\u1ea7u nhanh v\u00e0 b\u1ed9 ph\u1eadn d\u1ecbch v\u1ee5 \u0111\u1ea1i l\u00fd \u1ee7y quy\u1ec1n h\u01b0\u1edfng l\u1ee3i t\u1eeb kh\u1ea3 n\u0103ng t\u01b0\u01a1ng th\u00edch r\u1ed9ng r\u00e3i v\u1edbi xe v\u00e0 hi\u1ec7u su\u1ea5t cao c\u1ea5p c\u1ee7a s\u1ea3n ph\u1ea9m n\u00e0y.<\/p>\n\n\n\n<p><strong>C\u00f4ng Ty Qu\u1ea3n L\u00fd \u0110\u1ed9i Xe:<\/strong> C\u00e1c nh\u00e0 khai th\u00e1c \u0111\u1ed9i xe th\u01b0\u01a1ng m\u1ea1i, d\u1ecbch v\u1ee5 chia s\u1ebb xe, c\u00f4ng ty logistics v\u00e0 c\u00f4ng ty cho thu\u00ea xe c\u00f3 th\u1ec3 t\u1eadn d\u1ee5ng chu k\u1ef3 thay d\u1ea7u k\u00e9o d\u00e0i c\u00f9ng l\u1ee3i \u00edch ti\u1ebft ki\u1ec7m nhi\u00ean li\u1ec7u \u0111\u1ec3 gi\u1ea3m t\u1ed5ng chi ph\u00ed s\u1edf h\u1eefu (TCO) tr\u00ean to\u00e0n \u0111\u1ed9i xe.<\/p>\n\n\n\n<p><strong>Nh\u00e0 Ph\u00e2n Ph\u1ed1i v\u00e0 B\u00e1n Bu\u00f4n D\u1ea7u B\u00f4i Tr\u01a1n:<\/strong> ROCKEFELLER cung c\u1ea5p gi\u00e1 b\u00e1n s\u1ed1 l\u01b0\u1ee3ng l\u1edbn c\u1ea1nh tranh, t\u00f9y ch\u1ecdn nh\u00e3n ri\u00eang\/OEM v\u00e0 h\u1ed7 tr\u1ee3 ti\u1ebfp th\u1ecb to\u00e0n di\u1ec7n cho c\u00e1c nh\u00e0 ph\u00e2n ph\u1ed1i khu v\u1ef1c v\u00e0 qu\u1ed1c gia mu\u1ed1n m\u1edf r\u1ed9ng danh m\u1ee5c s\u1ea3n ph\u1ea9m cao c\u1ea5p.<\/p>\n\n\n\n<p><strong>Nh\u00e0 Khai Th\u00e1c Thi\u1ebft B\u1ecb Khai Th\u00e1c M\u1ecf, X\u00e2y D\u1ef1ng v\u00e0 C\u00f4ng Nghi\u1ec7p:<\/strong> M\u1ed9t s\u1ed1 \u0111\u1ed9ng c\u01a1 c\u00f4ng nghi\u1ec7p nh\u1eb9 v\u00e0 m\u00e1y ph\u00e1t \u0111i\u1ec7n y\u00eau c\u1ea7u d\u1ea7u API SP 0W-20 c\u0169ng c\u00f3 th\u1ec3 h\u01b0\u1edfng l\u1ee3i t\u1eeb c\u00f4ng th\u1ee9c n\u00e0y.<\/p>\n\n\n\n<h2 class=\"wp-block-heading\" id=\"why-choose-rockefeller-0w-20-sp-for-your-business\">T\u1ea1i Sao Ch\u1ecdn ROCKEFELLER 0W-20 SP Cho Doanh Nghi\u1ec7p C\u1ee7a B\u1ea1n?<\/h2>\n\n\n\n<ol class=\"wp-block-list\">\n<li><strong>Tu\u00e2n Th\u1ee7 Ch\u1ee9ng Nh\u1eadn To\u00e0n C\u1ea7u:<\/strong> \u0110\u1ea1t API SP, ACEA C5 v\u00e0 VW 508.00\/509.00 \u2014 bao qu\u00e1t h\u00e0ng lo\u1ea1t \u1ee9ng d\u1ee5ng xe ch\u1ec9 trong m\u1ed9t m\u00e3 s\u1ea3n ph\u1ea9m duy nh\u1ea5t.<\/li>\n\n\n\n<li><strong>Ti\u1ebft Ki\u1ec7m Nhi\u00ean Li\u1ec7u \u0110\u00e3 \u0110\u01b0\u1ee3c Ch\u1ee9ng Minh:<\/strong> C\u1ea3i thi\u1ec7n ti\u1ebft ki\u1ec7m nhi\u00ean li\u1ec7u l\u00ean \u0111\u1ebfn 2\u20134% so v\u1edbi d\u1ea7u th\u00f4ng th\u01b0\u1eddng \u0111\u1ed9 nh\u1edbt cao h\u01a1n.<\/li>\n\n\n\n<li><strong>Tu\u1ed5i Th\u1ecd \u0110\u1ed9ng C\u01a1 K\u00e9o D\u00e0i:<\/strong> C\u00f4ng ngh\u1ec7 ch\u1ed1ng m\u00e0i m\u00f2n v\u00e0 ch\u1ed1ng c\u1eb7n ti\u00ean ti\u1ebfn \u0111\u1ea3m b\u1ea3o \u0111\u1ed9ng c\u01a1 s\u1ea1ch h\u01a1n v\u00e0 b\u1ec1n h\u01a1n.<\/li>\n\n\n\n<li><strong>Ng\u0103n Ch\u1eb7n LSPI:<\/strong> B\u1ea3o v\u1ec7 quan tr\u1ecdng cho \u0111\u1ed9ng c\u01a1 TGDI hi\u1ec7n \u0111\u1ea1i, gi\u1ea3m khi\u1ebfu n\u1ea1i b\u1ea3o h\u00e0nh v\u00e0 ph\u00e0n n\u00e0n t\u1eeb kh\u00e1ch h\u00e0ng.<\/li>\n\n\n\n<li><strong>\u0110\u00f3ng G\u00f3i Linh Ho\u1ea1t v\u00e0 Chu\u1ed7i Cung \u1ee8ng:<\/strong> C\u00f3 s\u1eb5n \u1edf nhi\u1ec1u \u0111\u1ecbnh d\u1ea1ng \u0111\u00f3ng g\u00f3i v\u1edbi h\u1ed7 tr\u1ee3 logistics to\u00e0n c\u1ea7u \u0111\u00e1ng tin c\u1eady.<\/li>\n\n\n\n<li><strong>H\u1ed7 Tr\u1ee3 K\u1ef9 Thu\u1eadt:<\/strong> \u0110\u1ed9i ng\u0169 k\u1ef9 s\u01b0 v\u00e0 k\u1ef9 thu\u1eadt chuy\u00ean tr\u00e1ch s\u1eb5n s\u00e0ng t\u01b0 v\u1ea5n s\u1ea3n ph\u1ea9m, \u0111\u00e0o t\u1ea1o v\u00e0 d\u1ecbch v\u1ee5 h\u1eadu m\u00e3i.<\/li>\n<\/ol>","protected":false},"featured_media":955,"parent":0,"template":"","meta":{"_acf_changed":true,"_gspb_post_css":"","_kad_blocks_custom_css":"","_kad_blocks_head_custom_js":"","_kad_blocks_body_custom_js":"","_kad_blocks_footer_custom_js":"","_kad_post_transparent":"","_kad_post_title":"","_kad_post_layout":"","_kad_post_sidebar_id":"","_kad_post_content_style":"","_kad_post_vertical_padding":"","_kad_post_feature":"","_kad_post_feature_position":"","_kad_post_header":false,"_kad_post_footer":false,"_kad_post_classname":""},"product-category":[4],"class_list":["post-954","product","type-product","status-publish","has-post-thumbnail","hentry","product-category-gasoline-engine-oil"],"acf":[],"taxonomy_info":{"product-category":[{"value":4,"label":"Gasoline Engine Oil"}]},"featured_image_src_large":["https:\/\/felleroil.com\/wp-content\/uploads\/2026\/03\/0W-20-SP.jpg",800,800,false],"author_info":[],"comment_info":"","_links":{"self":[{"href":"https:\/\/felleroil.com\/vi\/wp-json\/wp\/v2\/product\/954","targetHints":{"allow":["GET"]}}],"collection":[{"href":"https:\/\/felleroil.com\/vi\/wp-json\/wp\/v2\/product"}],"about":[{"href":"https:\/\/felleroil.com\/vi\/wp-json\/wp\/v2\/types\/product"}],"wp:featuredmedia":[{"embeddable":true,"href":"https:\/\/felleroil.com\/vi\/wp-json\/wp\/v2\/media\/955"}],"wp:attachment":[{"href":"https:\/\/felleroil.com\/vi\/wp-json\/wp\/v2\/media?parent=954"}],"wp:term":[{"taxonomy":"product-category","embeddable":true,"href":"https:\/\/felleroil.com\/vi\/wp-json\/wp\/v2\/product-category?post=954"}],"curies":[{"name":"wp","href":"https:\/\/api.w.org\/{rel}","templated":true}]}}