{"id":978,"date":"2026-03-24T02:04:08","date_gmt":"2026-03-24T02:04:08","guid":{"rendered":"https:\/\/feller.easiwin.cn\/?post_type=product&#038;p=978"},"modified":"2026-03-24T02:04:09","modified_gmt":"2026-03-24T02:04:09","slug":"f9-performance-tier-0w-30-0w-40-sp-full-synthetic-engine-oil","status":"publish","type":"product","link":"https:\/\/felleroil.com\/fr\/product\/f9-performance-tier-0w-30-0w-40-sp-full-synthetic-engine-oil\/","title":{"rendered":"Huile moteur full synthetic F9 Performance Tier 0W-30 \/ 0W-40 SP"},"content":{"rendered":"<h2 class=\"wp-block-heading\" id=\"product-overview\">Aper\u00e7u du produit<\/h2>\n\n\n\n<p>La gamme F9 Performance Tier 0W-30 et 0W-40 SP repr\u00e9sente la classification la plus \u00e9lev\u00e9e au sein de la gamme de produits ROCKEFELLER. Ces huiles moteur enti\u00e8rement synth\u00e9tiques sont con\u00e7ues sp\u00e9cifiquement pour les moteurs les plus exigeants des v\u00e9hicules europ\u00e9ens et am\u00e9ricains haut de gamme, notamment Mercedes-Benz, BMW, Audi, Porsche et les plateformes am\u00e9ricaines haute performance.<\/p>\n\n\n\n<p>Un \u00e9l\u00e9ment diff\u00e9renciateur cl\u00e9 de ce produit est son approbation officielle <strong>Mercedes-Benz MB-Approval 229.51\/229.52<\/strong> qui le place parmi un groupe restreint de lubrifiants autoris\u00e9s pour les v\u00e9hicules Mercedes-Benz dans le monde entier. Cette approbation OEM garantit que l'huile a pass\u00e9 des tests rigoureux en laboratoire et sur le terrain pour r\u00e9pondre aux normes exigeantes de Mercedes-Benz en mati\u00e8re de protection moteur, d'\u00e9conomie de carburant et de compatibilit\u00e9 avec les syst\u00e8mes d'\u00e9missions.<\/p>\n\n\n\n<p>Les deux viscosit\u00e9s respectent ou d\u00e9passent les normes industrielles <strong>American Petroleum Institute API SP<\/strong> et <strong>European Automobile Manufacturers Association ACEA C3<\/strong> offrant une conformit\u00e9 double march\u00e9 pour une distribution mondiale. Le produit est fabriqu\u00e9 selon la norme ex\u00e9cutive <strong>Q\/KCYG003-2023<\/strong> et b\u00e9n\u00e9ficie d'une dur\u00e9e de conservation de cinq ans.<\/p>\n\n\n\n<h2 class=\"wp-block-heading\" id=\"standard-packaging\">Conditionnements standards<\/h2>\n\n\n<style>.wp-block-kadence-advancedgallery .kb-gallery-type-grid.kb-gallery-id-978_0c96ac-9d{margin:-5px;}.kb-gallery-type-grid.kb-gallery-id-978_0c96ac-9d .kadence-blocks-gallery-item{padding:5px;}.kb-gallery-id-978_0c96ac-9d .kadence-blocks-gallery-item .kb-gal-image-radius, .kb-gallery-id-978_0c96ac-9d .kb-slide-item .kb-gal-image-radius img{border-radius:12px 12px 12px 12px;;}.kb-gallery-caption-style-bottom.kb-gallery-id-978_0c96ac-9d .kadence-blocks-gallery-item .kadence-blocks-gallery-item-inner .kadence-blocks-gallery-item__caption, .kb-gallery-caption-style-bottom-hover.kb-gallery-id-978_0c96ac-9d .kadence-blocks-gallery-item .kadence-blocks-gallery-item-inner .kadence-blocks-gallery-item__caption{background:linear-gradient(0deg, rgba(0, 0, 0, 0.8) 0, rgba(0, 0, 0, 0) 100%);}<\/style><div class=\"kb-gallery-wrap-id-978_0c96ac-9d alignnone wp-block-kadence-advancedgallery\"><ul class=\"kb-gallery-ul kb-gallery-non-static kb-gallery-type-grid kb-gallery-id-978_0c96ac-9d kb-gallery-caption-style-bottom kb-gallery-filter-none\" data-image-filter=\"none\" data-item-selector=\".kadence-blocks-gallery-item\" data-lightbox-caption=\"true\" data-columns-xxl=\"3\" data-columns-xl=\"3\" data-columns-md=\"3\" data-columns-sm=\"2\" data-columns-xs=\"1\" data-columns-ss=\"1\"><li class=\"kadence-blocks-gallery-item\"><div class=\"kadence-blocks-gallery-item-inner\"><figure class=\"kb-gallery-figure kadence-blocks-gallery-item-has-caption\"><div class=\"kb-gal-image-radius\"><div class=\"kb-gallery-image-contain kadence-blocks-gallery-intrinsic kb-gallery-image-ratio-square kb-has-image-ratio-square\" ><img loading=\"lazy\" decoding=\"async\" src=\"https:\/\/felleroil.com\/wp-content\/uploads\/2026\/03\/F9-1L-0w30.jpg\" width=\"800\" height=\"800\" alt=\"\" data-full-image=\"https:\/\/felleroil.com\/wp-content\/uploads\/2026\/03\/F9-1L-0w30.jpg\" data-light-image=\"https:\/\/felleroil.com\/wp-content\/uploads\/2026\/03\/F9-1L-0w30.jpg\" data-id=\"980\" class=\"wp-image-980\" title=\"\" srcset=\"https:\/\/felleroil.com\/wp-content\/uploads\/2026\/03\/F9-1L-0w30.jpg 800w, https:\/\/felleroil.com\/wp-content\/uploads\/2026\/03\/F9-1L-0w30-300x300.jpg 300w, https:\/\/felleroil.com\/wp-content\/uploads\/2026\/03\/F9-1L-0w30-150x150.jpg 150w, https:\/\/felleroil.com\/wp-content\/uploads\/2026\/03\/F9-1L-0w30-768x768.jpg 768w, https:\/\/felleroil.com\/wp-content\/uploads\/2026\/03\/F9-1L-0w30-12x12.jpg 12w\" sizes=\"auto, (max-width: 800px) 100vw, 800px\" \/><\/div><div class=\"kadence-blocks-gallery-item__caption\">F9 1L 0W30<\/div><\/div><\/figure><\/div><\/li><li class=\"kadence-blocks-gallery-item\"><div class=\"kadence-blocks-gallery-item-inner\"><figure class=\"kb-gallery-figure kadence-blocks-gallery-item-has-caption\"><div class=\"kb-gal-image-radius\"><div class=\"kb-gallery-image-contain kadence-blocks-gallery-intrinsic kb-gallery-image-ratio-square kb-has-image-ratio-square\" ><img loading=\"lazy\" decoding=\"async\" src=\"https:\/\/felleroil.com\/wp-content\/uploads\/2026\/03\/F9-1L-0w40.jpg\" width=\"800\" height=\"800\" alt=\"\" data-full-image=\"https:\/\/felleroil.com\/wp-content\/uploads\/2026\/03\/F9-1L-0w40.jpg\" data-light-image=\"https:\/\/felleroil.com\/wp-content\/uploads\/2026\/03\/F9-1L-0w40.jpg\" data-id=\"981\" class=\"wp-image-981\" title=\"\" srcset=\"https:\/\/felleroil.com\/wp-content\/uploads\/2026\/03\/F9-1L-0w40.jpg 800w, https:\/\/felleroil.com\/wp-content\/uploads\/2026\/03\/F9-1L-0w40-300x300.jpg 300w, https:\/\/felleroil.com\/wp-content\/uploads\/2026\/03\/F9-1L-0w40-150x150.jpg 150w, https:\/\/felleroil.com\/wp-content\/uploads\/2026\/03\/F9-1L-0w40-768x768.jpg 768w, https:\/\/felleroil.com\/wp-content\/uploads\/2026\/03\/F9-1L-0w40-12x12.jpg 12w\" sizes=\"auto, (max-width: 800px) 100vw, 800px\" \/><\/div><div class=\"kadence-blocks-gallery-item__caption\">F9 1L 0W40<\/div><\/div><\/figure><\/div><\/li><li class=\"kadence-blocks-gallery-item\"><div class=\"kadence-blocks-gallery-item-inner\"><figure class=\"kb-gallery-figure kadence-blocks-gallery-item-has-caption\"><div class=\"kb-gal-image-radius\"><div class=\"kb-gallery-image-contain kadence-blocks-gallery-intrinsic kb-gallery-image-ratio-square kb-has-image-ratio-square\" ><img loading=\"lazy\" decoding=\"async\" src=\"https:\/\/felleroil.com\/wp-content\/uploads\/2026\/03\/F9-4L-0w40.jpg\" width=\"800\" height=\"800\" alt=\"\" data-full-image=\"https:\/\/felleroil.com\/wp-content\/uploads\/2026\/03\/F9-4L-0w40.jpg\" data-light-image=\"https:\/\/felleroil.com\/wp-content\/uploads\/2026\/03\/F9-4L-0w40.jpg\" data-id=\"979\" class=\"wp-image-979\" title=\"\" srcset=\"https:\/\/felleroil.com\/wp-content\/uploads\/2026\/03\/F9-4L-0w40.jpg 800w, https:\/\/felleroil.com\/wp-content\/uploads\/2026\/03\/F9-4L-0w40-300x300.jpg 300w, https:\/\/felleroil.com\/wp-content\/uploads\/2026\/03\/F9-4L-0w40-150x150.jpg 150w, https:\/\/felleroil.com\/wp-content\/uploads\/2026\/03\/F9-4L-0w40-768x768.jpg 768w, https:\/\/felleroil.com\/wp-content\/uploads\/2026\/03\/F9-4L-0w40-12x12.jpg 12w\" sizes=\"auto, (max-width: 800px) 100vw, 800px\" \/><\/div><div class=\"kadence-blocks-gallery-item__caption\">F9 4L 0W40<\/div><\/div><\/figure><\/div><\/li><\/ul><\/div>\n\n\n<h2 class=\"wp-block-heading\" id=\"key-functional-features-and-performance-benefits\">Principales caract\u00e9ristiques fonctionnelles et avantages en performance<\/h2>\n\n\n\n<p><strong>\u2605 Compatibilit\u00e9 avec les v\u00e9hicules europ\u00e9ens et am\u00e9ricains haut de gamme :<\/strong><br>Sp\u00e9cialement con\u00e7u pour la plupart des mod\u00e8les haut de gamme d'Europe et des \u00c9tats-Unis, le F9 Performance Tier 0W-30\/0W-40 SP offre une protection compl\u00e8te du syst\u00e8me de post-traitement des gaz d'\u00e9chappement tout en r\u00e9duisant significativement le colmatage des GPF (filtre \u00e0 particules essence) et DPF (filtre \u00e0 particules diesel). Cela est essentiel pour maintenir la conformit\u00e9 aux normes d'\u00e9missions et \u00e9viter des remplacements de filtres co\u00fbteux.<\/p>\n\n\n\n<p><strong>\u2605 Mercedes-Benz MB-Approval 229.51\/229.52 :<\/strong><br>Ce produit a obtenu l'autorisation officielle de Mercedes-Benz selon les sp\u00e9cifications MB-Approval 229.51 et 229.52. Cette certification prestigieuse assure une compatibilit\u00e9 totale avec les moteurs Mercedes-Benz, y compris les derniers trains motopropulseurs turbocompress\u00e9s et hybrides l\u00e9gers, inspirant confiance aux distributeurs et prestataires de services lors de l'entretien de v\u00e9hicules haut de gamme.<\/p>\n\n\n\n<p><strong>\u2605 Puissance de nettoyage \u00e9lev\u00e9e et pr\u00e9vention des boues :<\/strong><br>Des additifs d\u00e9tergents et dispersants avanc\u00e9s offrent des performances de nettoyage puissantes, pr\u00e9venant activement la formation de boues et maintenant les composants internes du moteur impeccables. Des moteurs propres fonctionnent plus efficacement, \u00e9mettent moins de polluants et n\u00e9cessitent moins d'entretien \u2014 au b\u00e9n\u00e9fice direct des gestionnaires de flottes et des propri\u00e9taires de v\u00e9hicules.<\/p>\n\n\n\n<p><strong>\u2605 Technologie d'huile de base enti\u00e8rement synth\u00e9tique \u00e0 faible viscosit\u00e9 :<\/strong><br>Bas\u00e9 sur des huiles de base enti\u00e8rement synth\u00e9tiques \u00e0 caract\u00e9ristiques de faible viscosit\u00e9 optimis\u00e9es, ce lubrifiant minimise les frottements internes du moteur. Associ\u00e9 \u00e0 une technologie additive de pointe, il offre un \u00e9quilibre exceptionnel entre r\u00e9sistance \u00e0 l'usure et \u00e9conomie de carburant, aidant les op\u00e9rateurs \u00e0 r\u00e9aliser des r\u00e9ductions mesurables de la consommation.<\/p>\n\n\n\n<p><strong>\u2605 R\u00e9sistance thermique sup\u00e9rieure et protection antioxydante :<\/strong><br>Le F9 Performance Tier 0W-30\/0W-40 SP pr\u00e9sente une stabilit\u00e9 thermique et des propri\u00e9t\u00e9s antioxydantes exceptionnelles, r\u00e9duisant efficacement la formation de s\u00e9diments et de d\u00e9p\u00f4ts lors d'op\u00e9rations prolong\u00e9es \u00e0 haute temp\u00e9rature. Cela garantit le maintien de l'int\u00e9grit\u00e9 de l'huile tout au long de l'intervalle de vidange, m\u00eame dans des conditions de conduite s\u00e9v\u00e8res telles que le remorquage, la conduite en montagne et l'utilisation sur circuit.<\/p>\n\n\n\n<p><strong>\u2605 Conformit\u00e9 double API SP et ACEA C3 :<\/strong><br>En respectant ou d\u00e9passant \u00e0 la fois les normes API SP et ACEA C3, ce produit unique satisfait les exigences des constructeurs de v\u00e9hicules d'Am\u00e9rique du Nord, d'Europe et d'Asie, en faisant un choix exceptionnellement polyvalent pour les clients B2B mondiaux.<\/p>\n\n\n\n<h2 class=\"wp-block-heading\" id=\"technical-specifications\">Sp\u00e9cifications techniques<\/h2>\n\n\n\n<figure class=\"wp-block-table\"><table class=\"has-fixed-layout\"><thead><tr><th>Param\u00e8tre<\/th><th>0W-30 SP (F9)<\/th><th>0W-40 SP (F9)<\/th><\/tr><\/thead><tbody><tr><td><strong>Classe de viscosit\u00e9<\/strong><\/td><td>SAE 0W-30<\/td><td>SAE 0W-40<\/td><\/tr><tr><td><strong>Classification API<\/strong><\/td><td>SP<\/td><td>SP<\/td><\/tr><tr><td><strong>Classification ACEA<\/strong><\/td><td>C3<\/td><td>C3<\/td><\/tr><tr><td><strong>Approbations OEM<\/strong><\/td><td>MB 229.51 \/ 229.52<\/td><td>MB 229.51 \/ 229.52<\/td><\/tr><tr><td><strong>Cat\u00e9gorie de performance<\/strong><\/td><td>F9<\/td><td>F9<\/td><\/tr><tr><td><strong>Type de base huileuse<\/strong><\/td><td>Enti\u00e8rement synth\u00e9tique<\/td><td>Enti\u00e8rement synth\u00e9tique<\/td><\/tr><tr><td><strong>Compatible GPF \/ DPF<\/strong><\/td><td>Oui<\/td><td>Oui<\/td><\/tr><tr><td><strong>Protection contre LSPI<\/strong><\/td><td>Oui<\/td><td>Oui<\/td><\/tr><tr><td><strong>Norme de r\u00e9f\u00e9rence<\/strong><\/td><td>Q\/KCYG003-2023<\/td><td>Q\/KCYG003-2023<\/td><\/tr><tr><td><strong>Conditionnements disponibles<\/strong><\/td><td>1L, 4L, F\u00fbt de 208L<\/td><td>1L, 4L, F\u00fbt de 208L<\/td><\/tr><tr><td><strong>Dur\u00e9e de conservation<\/strong><\/td><td>5 ans<\/td><td>5 ans<\/td><\/tr><\/tbody><\/table><\/figure>\n\n\n\n<h2 class=\"wp-block-heading\" id=\"application-areas-and-compatible-vehicles\">Domaines d'application et v\u00e9hicules compatibles<\/h2>\n\n\n\n<ul class=\"wp-block-list\">\n<li><strong>Mercedes-Benz (gamme compl\u00e8te) :<\/strong> Classes C, E, S, GLC, GLE, GLS, mod\u00e8les AMG et utilitaires l\u00e9gers Sprinter n\u00e9cessitant des huiles conformes aux sp\u00e9cifications MB 229.51\/229.52.<\/li>\n\n\n\n<li><strong>Autres marques europ\u00e9ennes premium :<\/strong> BMW, Audi, Volkswagen, Porsche, Volvo, Jaguar Land Rover et autres n\u00e9cessitant des lubrifiants conformes ACEA C3.<\/li>\n\n\n\n<li><strong>V\u00e9hicules am\u00e9ricains haute performance :<\/strong> Ford Mustang, Chevrolet Corvette\/Camaro, Dodge\/RAM, Cadillac, Lincoln et autres plateformes sp\u00e9cifiant des huiles API SP 0W-30 ou 0W-40.<\/li>\n\n\n\n<li><strong>V\u00e9hicules de luxe japonais et cor\u00e9ens :<\/strong> Lexus, Infiniti, Acura, Genesis et autres mod\u00e8les premium \u00e9quip\u00e9s de moteurs GDI turbocompress\u00e9s.<\/li>\n\n\n\n<li><strong>Groupe propulseurs hybrides et micro-hybrides :<\/strong> Syst\u00e8mes micro-hybrides 48V (courants chez Mercedes-Benz, BMW et Audi) et v\u00e9hicules hybrides complets o\u00f9 des huiles \u00e0 faible friction et faible viscosit\u00e9 sont essentielles.<\/li>\n\n\n\n<li><strong>Applications en motorsport et sur circuit :<\/strong> La classe 0W-40 est id\u00e9ale pour une utilisation en piste \u00e0 haut r\u00e9gime et hautes temp\u00e9ratures, o\u00f9 la retention de viscosit\u00e9 sous contrainte thermique extr\u00eame est cruciale.<\/li>\n\n\n\n<li><strong>Utilitaires l\u00e9gers :<\/strong> Mercedes-Benz Vito, Sprinter, Volkswagen Transporter\/Crafter et autres UUL similaires utilis\u00e9s pour les livraisons urbaines et les flottes de services.<\/li>\n<\/ul>\n\n\n\n<h2 class=\"wp-block-heading\" id=\"target-customers-and-b2b-solutions\">Clients cibles et solutions B2B<\/h2>\n\n\n\n<p><strong>Concessionnaires et centres de service agr\u00e9\u00e9s Mercedes-Benz :<\/strong> En tant que lubrifiant agr\u00e9\u00e9 MB, ce produit s'int\u00e8gre parfaitement dans les ateliers de concessionnaires agr\u00e9\u00e9s, offrant un service de qualit\u00e9 OEM avec une certification compl\u00e8te.<\/p>\n\n\n\n<p><strong>Ateliers sp\u00e9cialis\u00e9s en v\u00e9hicules europ\u00e9ens :<\/strong> Les garages ind\u00e9pendants sp\u00e9cialis\u00e9s dans l'entretien des v\u00e9hicules allemands et europ\u00e9ens peuvent s'appuyer sur l'agr\u00e9ment MB et la conformit\u00e9 ACEA C3 pour attirer une client\u00e8le premium et justifier des tarifs de service plus \u00e9lev\u00e9s.<\/p>\n\n\n\n<p><strong>Exploitants de flottes premium :<\/strong> Flottes d'entreprise, services de chauffeurs ex\u00e9cutifs, agences de location de voitures de luxe et parcs automobiles diplomatiques exploitant des Mercedes-Benz, BMW et Audi b\u00e9n\u00e9ficieront de la protection moteur sup\u00e9rieure et des intervalles de vidange prolong\u00e9s.<\/p>\n\n\n\n<p><strong>Distributeurs et importateurs de lubrifiants :<\/strong> Les distributeurs r\u00e9gionaux et nationaux desservant des march\u00e9s domin\u00e9s par les v\u00e9hicules europ\u00e9ens peuvent diff\u00e9rencier leur portefeuille avec un lubrifiant authentiquement agr\u00e9\u00e9 MB. ROCKEFELLER propose des tarifs en gros, une co-marque et un soutien commercial complet.<\/p>\n\n\n\n<p><strong>\u00c9quipes de motorsport et ateliers de tuning performance :<\/strong> La variante 0W-40 offre la protection \u00e0 haute temp\u00e9rature et la stabilit\u00e9 de viscosit\u00e9 requises par le motorsport comp\u00e9titif et les applications performance aftermarket.<\/p>\n\n\n\n<h2 class=\"wp-block-heading\" id=\"why-choose-f9-performance-tier-0w-30-0w-40-sp-for-your-business\">Pourquoi choisir F9 Performance Tier 0W-30\/0W-40 SP pour votre entreprise ?<\/h2>\n\n\n\n<ol class=\"wp-block-list\">\n<li><strong>Agr\u00e9ment officiel Mercedes-Benz MB 229.51\/229.52<\/strong> \u2014 un puissant signal de confiance pour les propri\u00e9taires de v\u00e9hicules premium et les prestataires de services.<\/li>\n\n\n\n<li><strong>F9 Performance Tier<\/strong> \u2014 la classification produit la plus \u00e9lev\u00e9e de la gamme ROCKEFELLER, signifiant une qualit\u00e9 de formulation d'\u00e9lite.<\/li>\n\n\n\n<li><strong>Protection GPF\/DPF<\/strong> \u2014 prot\u00e8ge les co\u00fbteux syst\u00e8mes de post-traitement des gaz d'\u00e9chappement, r\u00e9duisant les r\u00e9clamations de garantie et les co\u00fbts d'entretien.<\/li>\n\n\n\n<li><strong>Double conformit\u00e9 API SP + ACEA C3<\/strong> \u2014 un seul produit couvrant les sp\u00e9cifications nord-am\u00e9ricaines et europ\u00e9ennes.<\/li>\n\n\n\n<li><strong>Dur\u00e9e de conservation de 5 ans<\/strong> \u2014 stabilit\u00e9 exceptionnelle en stockage pour les op\u00e9rations de distribution et d'entreposage mondiales.<\/li>\n\n\n\n<li><strong>Programme partenaire B2B complet<\/strong> \u2014 formation technique, accompagnement marketing et gestion d\u00e9di\u00e9e de comptes pour les partenaires distributeurs.<\/li>\n<\/ol>","protected":false},"featured_media":980,"parent":0,"template":"","meta":{"_acf_changed":true,"_gspb_post_css":"","_kad_blocks_custom_css":"","_kad_blocks_head_custom_js":"","_kad_blocks_body_custom_js":"","_kad_blocks_footer_custom_js":"","_kad_post_transparent":"","_kad_post_title":"","_kad_post_layout":"","_kad_post_sidebar_id":"","_kad_post_content_style":"","_kad_post_vertical_padding":"","_kad_post_feature":"","_kad_post_feature_position":"","_kad_post_header":false,"_kad_post_footer":false,"_kad_post_classname":""},"product-category":[4],"class_list":["post-978","product","type-product","status-publish","has-post-thumbnail","hentry","product-category-gasoline-engine-oil"],"acf":[],"taxonomy_info":{"product-category":[{"value":4,"label":"Gasoline Engine Oil"}]},"featured_image_src_large":["https:\/\/felleroil.com\/wp-content\/uploads\/2026\/03\/F9-1L-0w30.jpg",800,800,false],"author_info":[],"comment_info":"","_links":{"self":[{"href":"https:\/\/felleroil.com\/fr\/wp-json\/wp\/v2\/product\/978","targetHints":{"allow":["GET"]}}],"collection":[{"href":"https:\/\/felleroil.com\/fr\/wp-json\/wp\/v2\/product"}],"about":[{"href":"https:\/\/felleroil.com\/fr\/wp-json\/wp\/v2\/types\/product"}],"wp:featuredmedia":[{"embeddable":true,"href":"https:\/\/felleroil.com\/fr\/wp-json\/wp\/v2\/media\/980"}],"wp:attachment":[{"href":"https:\/\/felleroil.com\/fr\/wp-json\/wp\/v2\/media?parent=978"}],"wp:term":[{"taxonomy":"product-category","embeddable":true,"href":"https:\/\/felleroil.com\/fr\/wp-json\/wp\/v2\/product-category?post=978"}],"curies":[{"name":"wp","href":"https:\/\/api.w.org\/{rel}","templated":true}]}}