{"id":995,"date":"2026-03-24T02:48:52","date_gmt":"2026-03-24T02:48:52","guid":{"rendered":"https:\/\/feller.easiwin.cn\/?post_type=product&#038;p=995"},"modified":"2026-03-24T02:48:53","modified_gmt":"2026-03-24T02:48:53","slug":"f3-performance-tier-15w-40-sj-gasoline-engine-oil","status":"publish","type":"product","link":"https:\/\/felleroil.com\/es\/product\/f3-performance-tier-15w-40-sj-gasoline-engine-oil\/","title":{"rendered":"Aceite para Motor de Gasolina SJ 15W-40 de Nivel de Rendimiento F3"},"content":{"rendered":"<h2 class=\"wp-block-heading\" id=\"product-overview\">Resumen del Producto<\/h2>\n\n\n\n<p>La gama F3 Performance Tier 15W-40 SJ ocupa el <strong>segmento de ingenier\u00eda de valor y alta confiabilidad<\/strong> del portafolio de aceites para motores de gasolina ROCKEFELLER. Formulada para cumplir con la reconocida especificaci\u00f3n global <strong>API SJ<\/strong> esta aceite est\u00e1 dise\u00f1ado para la enorme flota mundial de motores de gasolina de aspiraci\u00f3n natural m\u00e1s antiguos, veh\u00edculos de transporte b\u00e1sico, equipos utilitarios y aplicaciones donde la lubricaci\u00f3n confiable a un precio econ\u00f3mico es el requisito principal.<\/p>\n\n\n\n<p>La <strong>Grado de viscosidad 15W-40<\/strong> es uno de los grados de aceite para motor de aplicaci\u00f3n m\u00e1s universal en el mundo, ofreciendo un amplio rango de temperaturas de operaci\u00f3n que rinde de manera confiable desde ma\u00f1anas frescas hasta condiciones de conducci\u00f3n vespertina calurosa. Aunque no est\u00e1 optimizado para arranques en fr\u00edo extremo (por debajo de aproximadamente -15 \u00b0C), el grado 15W-40 destaca en climas tropicales, subtropicales y templados \u2014 que colectivamente representan la mayor\u00eda de la poblaci\u00f3n vehicular global.<\/p>\n\n\n\n<p>La API SJ se introdujo en 1996 y sigue siendo v\u00e1lida y ampliamente utilizada hoy en d\u00eda. Es <strong>compatible hacia atr\u00e1s<\/strong> compatible con todas las categor\u00edas de servicio API anteriores (SH, SG, SF, SE, SD, SC, SB, SA), lo que significa que la F3 puede servir a pr\u00e1cticamente cualquier motor de gasolina fabricado que haga referencia a una especificaci\u00f3n de categor\u00eda API \u00abS\u00bb. Esta extraordinaria amplitud de compatibilidad convierte a la F3 en un verdadero producto polivalente para mercados donde las edades, condiciones y especificaciones de los veh\u00edculos var\u00edan ampliamente.<\/p>\n\n\n\n<p>La F3 se fabrica bajo la norma ejecutiva <strong>GB11121-2006<\/strong> y tiene una vida \u00fatil de cinco a\u00f1os.<\/p>\n\n\n\n<h2 class=\"wp-block-heading\" id=\"key-functional-features-and-performance-benefits\">Caracter\u00edsticas funcionales clave y beneficios de rendimiento<\/h2>\n\n\n\n<p><strong>\u2605 Buena protecci\u00f3n antidesgaste y buena estabilidad a la oxidaci\u00f3n:<\/strong><br>La F3 proporciona una protecci\u00f3n antidesgaste confiable mediante un sistema de aditivos basado en dialquil ditiofosfato de zinc (ZDDP) probado que forma una pel\u00edcula tribol\u00f3gica protectora en las superficies met\u00e1licas bajo condiciones de lubricaci\u00f3n l\u00edmite. Esta protecci\u00f3n cubre puntos cr\u00edticos de desgaste, incluidos l\u00f3bulos de levas, taqu\u00e9s de v\u00e1lvulas, anillos de pist\u00f3n, paredes de cilindros y cojinetes de cig\u00fce\u00f1al. Combinada con una buena estabilidad a la oxidaci\u00f3n, la F3 resiste la descomposici\u00f3n qu\u00edmica y el engrosamiento que ocurre cuando el aceite se expone al calor y al ox\u00edgeno con el tiempo. El resultado es un aceite que mantiene sus propiedades protectoras y caracter\u00edsticas de viscosidad durante todo el intervalo de drenaje recomendado, ofreciendo una protecci\u00f3n consistente y predecible del motor.<\/p>\n\n\n\n<p><strong>\u2605 Excelente dispersi\u00f3n de limpieza y buen control de lodos \u2014 Protege eficazmente la limpieza del motor:<\/strong><br>Aditivos detergentes y dispersantes avanzados aseguran un excelente rendimiento de limpieza y un control efectivo de lodos durante toda la vida \u00fatil del aceite. En motores m\u00e1s antiguos y motores que operan en condiciones severas (viajes cortos frecuentes, entornos polvorientos, cargas pesadas), la formaci\u00f3n de lodos \u2014 una mezcla espesa y alquitranosa de aceite oxidado, subproductos de combusti\u00f3n y humedad \u2014 representa una amenaza persistente. Los lodos pueden obstruir los conductos de aceite, restringir el flujo a componentes cr\u00edticos y causar desgaste acelerado e incluso fallos catastr\u00f3ficos del motor. El sistema de dispersi\u00f3n de limpieza de la F3 mantiene los contaminantes formadores de lodos suspendidos en el aceite en part\u00edculas finas, impidiendo que se aglomeren y depositen en las superficies del motor. Estos contaminantes suspendidos se eliminan luego de manera segura durante el cambio de aceite, dejando el interior del motor limpio y protegido.<\/p>\n\n\n\n<p><strong>\u2605 Compatible con catalizadores \u2014 Protege el convertidor catal\u00edtico, reduce las emisiones de escape:<\/strong><br>La F3 est\u00e1 formulada para ser compatible con sistemas de postratamiento de convertidores catal\u00edticos, incluidos los convertidores catal\u00edticos de tres v\u00edas (TWC) instalados en la gran mayor\u00eda de los veh\u00edculos de gasolina en todo el mundo. La qu\u00edmica de aditivos del aceite est\u00e1 equilibrada para proporcionar una protecci\u00f3n efectiva del motor mientras se minimiza la liberaci\u00f3n de compuestos que envenenan los catalizadores (principalmente especies derivadas de f\u00f3sforo y azufre) en el flujo de escape. Esta compatibilidad ayuda a preservar la eficiencia del convertidor catal\u00edtico durante toda la vida \u00fatil del veh\u00edculo, asegurando el cumplimiento continuo de las normativas de emisiones y evitando el costoso reemplazo de convertidores fallidos \u2014 una consideraci\u00f3n particularmente importante en mercados con pruebas anuales obligatorias de emisiones e inspecciones vehiculares.<\/p>\n\n\n\n<p><strong>\u2605 Previene eficazmente la formaci\u00f3n de sedimentos \u2014 Ciclo de aceite extendido con excelente fluidez y pel\u00edcula lubricante estable a m\u00e1xima velocidad:<\/strong><br>La F3 incorpora una tecnolog\u00eda efectiva de inhibici\u00f3n de sedimentos que previene la formaci\u00f3n y acumulaci\u00f3n de dep\u00f3sitos s\u00f3lidos en el sistema de aceite. Esto mantiene despejados los conductos de aceite, filtros y galer\u00edas, apoyando un flujo y presi\u00f3n de aceite consistentes. El aceite tambi\u00e9n mantiene una excelente fluidez durante toda su vida \u00fatil, asegurando que incluso a m\u00e1xima velocidad del motor y condiciones de carga m\u00e1xima, el lubricante contin\u00fae formando una pel\u00edcula lubricante estable y continua entre todas las superficies en movimiento. Esto es particularmente importante durante conducci\u00f3n en autopista, remolque y ascensos en pendientes donde las RPM del motor y las cargas se mantienen en niveles altos durante per\u00edodos prolongados. La pel\u00edcula lubricante estable previene el contacto metal-metal, reduce la generaci\u00f3n de calor por fricci\u00f3n y asegura una operaci\u00f3n suave y silenciosa del motor en todas las condiciones de conducci\u00f3n.<\/p>\n\n\n\n<p><strong>\u2605 Compatibilidad universal hacia atr\u00e1s API SJ:<\/strong><br>Como producto certificado API SJ, la F3 es compatible hacia atr\u00e1s con todas las especificaciones de categor\u00eda API \u00abS\u00bb anteriores (SH, SG, SF, SE, SD, SC, SB, SA). Esto significa que un solo producto puede servir a pr\u00e1cticamente cualquier motor de gasolina fabricado, desde veh\u00edculos cl\u00e1sicos de los a\u00f1os 60 hasta motores de aspiraci\u00f3n natural modernos de los 2010. Esta extraordinaria compatibilidad simplifica la gesti\u00f3n de inventarios para distribuidores, reduce la complejidad de almacenamiento para minoristas y proporciona una opci\u00f3n \u00abpredeterminada\u00bb confiable para talleres que atienden poblaciones vehiculares diversas.<\/p>\n\n\n\n<h2 class=\"wp-block-heading\" id=\"technical-specifications\">Especificaciones t\u00e9cnicas<\/h2>\n\n\n\n<figure class=\"wp-block-table\"><table class=\"has-fixed-layout\"><thead><tr><th>Par\u00e1metro<\/th><th>15W-40 SJ (F3)<\/th><\/tr><\/thead><tbody><tr><td><strong>Grado de Viscosidad<\/strong><\/td><td>SAE 15W-40<\/td><\/tr><tr><td><strong>Clasificaci\u00f3n API<\/strong><\/td><td>SJ<\/td><\/tr><tr><td><strong>Nivel de rendimiento<\/strong><\/td><td>F3<\/td><\/tr><tr><td><strong>Tipo de Aceite Base<\/strong><\/td><td>Mineral de alto rendimiento<\/td><\/tr><tr><td><strong>Sistema Antidesgaste<\/strong><\/td><td>Basado en ZDDP<\/td><\/tr><tr><td><strong>Control de lodos<\/strong><\/td><td>Efectiva<\/td><\/tr><tr><td><strong>Compatibilidad con catalizadores<\/strong><\/td><td>S\u00ed (TWC)<\/td><\/tr><tr><td><strong>Prevenci\u00f3n de sedimentos<\/strong><\/td><td>S\u00ed<\/td><\/tr><tr><td><strong>Estabilidad de la Pel\u00edcula de Lubricaci\u00f3n<\/strong><\/td><td>Estable a M\u00e1xima Velocidad<\/td><\/tr><tr><td><strong>Compatibilidad hacia atr\u00e1s<\/strong><\/td><td>API SH, SG, SF, SE, SD, SC, SB, SA<\/td><\/tr><tr><td><strong>Norma Ejecutiva<\/strong><\/td><td>GB11121-2006<\/td><\/tr><tr><td><strong>Envases disponibles<\/strong><\/td><td>1 L, 4 L, Tambor de 208 L<\/td><\/tr><tr><td><strong>Vida \u00fatil en estanter\u00eda<\/strong><\/td><td>5 a\u00f1os<\/td><\/tr><\/tbody><\/table><\/figure>\n\n\n\n<h2 class=\"wp-block-heading\" id=\"application-areas-and-compatible-vehicles\">\u00c1reas de Aplicaci\u00f3n y Veh\u00edculos Compatibles<\/h2>\n\n\n\n<ul class=\"wp-block-list\">\n<li><strong>Motores de Gasolina de Aspiraci\u00f3n Natural M\u00e1s Antiguos (1996\u20132015):<\/strong> La especificaci\u00f3n API SJ del F3 cubre la gran mayor\u00eda de motores de gasolina de aspiraci\u00f3n natural fabricados desde mediados de los a\u00f1os 90 en adelante, incluyendo motores de Toyota, Honda, Nissan, Mitsubishi, Suzuki, Hyundai, Kia, Ford, GM, Chrysler, VW, Fiat, Renault, Peugeot y todas las principales marcas chinas nacionales.<\/li>\n\n\n\n<li><strong>Veh\u00edculos Cl\u00e1sicos y Vintage (Antes de 1996):<\/strong> La compatibilidad hacia atr\u00e1s del F3 con API SH\/SG\/SF y anteriores lo hace adecuado para autos cl\u00e1sicos, veh\u00edculos vintage y autom\u00f3viles de colecci\u00f3n de los a\u00f1os 60 a los 90 que puedan requerir aceites de especificaciones m\u00e1s antiguas.<\/li>\n\n\n\n<li><strong>Veh\u00edculos de Alto Kilometraje (M\u00e1s de 200.000 km):<\/strong> Los veh\u00edculos con kilometraje acumulado muy alto se benefician de la viscosidad ligeramente superior del 15W-40, que ayuda a mantener la presi\u00f3n de aceite y reducir el consumo de aceite en motores con holguras aumentadas en los cojinetes y paredes de cilindros desgastadas.<\/li>\n\n\n\n<li><strong>Veh\u00edculos Econ\u00f3micos y de Presupuesto:<\/strong> Autos de pasajeros de entrada, hatchbacks y sedanes en mercados en desarrollo \u2014incluyendo minivans chinas (Wuling Hongguang, DFSK, Changan Star), autos del mercado indio (Maruti Suzuki, Tata, Mahindra) y autos econ\u00f3micos del sudeste asi\u00e1tico.<\/li>\n\n\n\n<li><strong>Taxis y Veh\u00edculos de Compartir Viajes (Flotas Antiguas):<\/strong> Veh\u00edculos de taxi de segunda y tercera generaci\u00f3n, y de compartir viajes, que han sido retirados del servicio principal y contin\u00faan operando en mercados secundarios con trenes motrices m\u00e1s antiguos de aspiraci\u00f3n natural.<\/li>\n\n\n\n<li><strong>Veh\u00edculos comerciales ligeros:<\/strong> Camionetas pickup, furgonetas de carga, minibuses, furgonetas de panel y veh\u00edculos utilitarios de todos los principales fabricantes donde el motor especifica API SJ o anterior, incluyendo Toyota Hilux (modelos antiguos), Nissan NP300\/Navara (modelos a gasolina antiguos), Mitsubishi L200 (modelos antiguos), Ford Ranger (modelos a gasolina antiguos) e Isuzu D-Max (variantes a gasolina).<\/li>\n\n\n\n<li><strong>Equipo Agr\u00edcola:<\/strong> Equipos agr\u00edcolas a gasolina, incluyendo peque\u00f1os tractores, motocultivadores, cultivadores, bombas de riego, pulverizadores de cultivos, secadoras de granos y otras maquinarias agr\u00edcolas.<\/li>\n\n\n\n<li><strong>Equipos Ligeros de Construcci\u00f3n e Industrial:<\/strong> Mezcladoras de concreto, vibradores, compactadoras de placa, peque\u00f1os generadores, conjuntos de soldadura, compresores de aire y otros equipos de obra con motores a gasolina.<\/li>\n\n\n\n<li><strong>Aplicaciones Marinas:<\/strong> Peque\u00f1os motores marinos internos y externos a gasolina para barcos de pesca, transporte fluvial y embarcaciones recreativas donde se especifica API SJ 15W-40.<\/li>\n\n\n\n<li><strong>Generadores y Energ\u00eda de Respaldo:<\/strong> Generadores port\u00e1tiles y semiport\u00e1tiles a gasolina utilizados para energ\u00eda de respaldo residencial, electricidad para puestos de mercado, energ\u00eda para eventos\/festivales, energ\u00eda en obras de construcci\u00f3n y sistemas de respaldo para torres de telecomunicaciones.<\/li>\n\n\n\n<li><strong>Equipos para C\u00e9sped y Jard\u00edn:<\/strong> Cortac\u00e9spedes de montar, cortac\u00e9spedes de giro cero, tractores de jard\u00edn, sopladores de hojas, trituradoras de madera y otros equipos de potencia exterior.<\/li>\n\n\n\n<li><strong>Mercados en Desarrollo y Fronterizos:<\/strong> \u00c1frica subsahariana, sudeste asi\u00e1tico (Myanmar, Laos, Camboya), sur de Asia (Bangladesh, Nepal, Sri Lanka), Asia central (Uzbekist\u00e1n, Tayikist\u00e1n, Turkmenist\u00e1n), islas del Pac\u00edfico, naciones del Caribe y otros mercados donde la flota de veh\u00edculos es predominantemente antigua, de aspiraci\u00f3n natural y sensible al precio.<\/li>\n<\/ul>\n\n\n\n<h2 class=\"wp-block-heading\" id=\"target-customers-and-b2b-solutions\">Clientes Objetivo y Soluciones B2B<\/h2>\n\n\n\n<p><strong>Distribuidores Nacionales en Mercados Emergentes:<\/strong> El F3 est\u00e1 dise\u00f1ado como el <strong>producto de marca de entrada<\/strong> para distribuidores nacionales que construyen la marca ROCKEFELLER en nuevos mercados. Su precio competitivo, compatibilidad universal con API SJ y el nombre confiable de ROCKEFELLER proporcionan credibilidad inmediata en el mercado. El F3 sirve como producto de entrada que introduce la marca en el mercado, generando confianza en los clientes que puede aprovecharse m\u00e1s adelante para vender niveles superiores como F5, F6, F7 y F9 a medida que las flotas de veh\u00edculos se modernizan.<\/p>\n\n\n\n<p><strong>Mayoristas por Volumen y Operaciones de Efectivo y Llevado:<\/strong> Mayoristas de gran volumen que atienden redes de minoristas independientes, mec\u00e1nicos de carretera y talleres peque\u00f1os pueden mover cantidades significativas del F3 gracias a su amplia aplicabilidad y precio atractivo. ROCKEFELLER ofrece env\u00edos en pallets de cajas de 4L, opciones de tambores de 208L y precios de carga completa de contenedor (FCL) para m\u00e1xima eficiencia log\u00edstica.<\/p>\n\n\n\n<p><strong>Minoristas Rurales y Semirurbanos:<\/strong> Tiendas de repuestos automotrices, ferreter\u00edas, estaciones de combustible y minoristas de mercanc\u00eda general en \u00e1reas rurales y semirurbanas pueden surtir el F3 como su oferta principal de aceite de motor. El \u00fanico grado de viscosidad 15W-40 simplifica el inventario: un solo producto atiende pr\u00e1cticamente todas las necesidades de los clientes.<\/p>\n\n\n\n<p><strong>Mec\u00e1nicos de roadside y sector informal de talleres:<\/strong> En muchos mercados en desarrollo, la mayor\u00eda del servicio de veh\u00edculos lo realizan mec\u00e1nicos informales de carretera y talleres peque\u00f1os de barrio. El precio accesible del F3, su calidad confiable y la especificaci\u00f3n familiar de grado 15W-40 lo convierten en el producto ideal para este segmento de mercado cr\u00edticamente importante.<\/p>\n\n\n\n<p><strong>Cooperativas de Taxis y Transporte P\u00fablico:<\/strong> Asociaciones de conductores de taxi, cooperativas de minibuses (matatus, jeepneys, flotas de tuk-tuk) y operadores informales de transporte p\u00fablico pueden negociar arreglos de compra grupal a trav\u00e9s de distribuidores de ROCKEFELLER, aprovechando descuentos por volumen en el F3 para reducir los costos de mantenimiento por veh\u00edculo.<\/p>\n\n\n\n<p><strong>Cooperativas Agr\u00edcolas y Concesionarios de Equipos Agr\u00edcolas:<\/strong> Cooperativas agr\u00edcolas, concesionarios de equipos y tiendas de suministros agr\u00edcolas que atienden comunidades rurales pueden surtir el F3 como un producto de doble prop\u00f3sito para veh\u00edculos agr\u00edcolas y equipos agr\u00edcolas a gasolina.<\/p>\n\n\n\n<p><strong>Licitaciones gubernamentales y adquisiciones institucionales:<\/strong> Las agencias gubernamentales en pa\u00edses en desarrollo que adquieren aceite de motor para flotas de veh\u00edculos, mantenimiento de generadores y servicio de equipos frecuentemente especifican API SJ 15W-40 en sus documentos de licitaci\u00f3n. La certificaci\u00f3n completa API SJ del F3 y su cumplimiento documentado con GB11121-2006 proporcionan la conformidad con especificaciones requerida para procesos de adquisici\u00f3n p\u00fablica.<\/p>\n\n\n\n<p><strong>Operaciones de Miner\u00eda y Extracci\u00f3n de Recursos:<\/strong> Empresas mineras y operaciones de extracci\u00f3n de minerales en \u00c1frica, Am\u00e9rica Latina y sudeste asi\u00e1tico que operan flotas de veh\u00edculos ligeros, generadores y equipos a gasolina en ubicaciones remotas requieren lubricantes confiables y f\u00e1cilmente disponibles. La compatibilidad universal del F3, su vida \u00fatil estable en estanter\u00eda y opciones de empaque a granel lo hacen adecuado para inventarios en sitios remotos.<\/p>\n\n\n\n<p><strong>Organizaciones humanitarias y de desarrollo:<\/strong> ONGs, agencias de la ONU y organizaciones de desarrollo que operan flotas de veh\u00edculos y equipos de generadores en entornos desafiantes pueden estandarizar en el F3 por su aplicabilidad universal y rendimiento probado en condiciones adversas.<\/p>\n\n\n\n<p><strong>Oportunidades de Marca Blanca y Co-Marca:<\/strong> El nivel F3 es particularmente adecuado para asociaciones de marca blanca y co-marca con distribuidores regionales, cadenas de repuestos automotrices y operadores de flotas que deseen comercializar un aceite de motor 15W-40 de marca bajo su propio nombre comercial, aprovechando la calidad de fabricaci\u00f3n y confiabilidad de la cadena de suministro de ROCKEFELLER.<\/p>\n\n\n\n<h2 class=\"wp-block-heading\" id=\"why-choose-f3-performance-tier-15w-40-sj-for-your-business\">\u00bfPor Qu\u00e9 Elegir el Nivel de Rendimiento F3 15W-40 SJ para Su Negocio?<\/h2>\n\n\n\n<ol class=\"wp-block-list\">\n<li><strong>Certificado API SJ con Compatibilidad Universal Hacia Atr\u00e1s<\/strong> \u2014 sirve pr\u00e1cticamente a cualquier motor de gasolina fabricado con un solo SKU, desde veh\u00edculos cl\u00e1sicos hasta trenes motrices de aspiraci\u00f3n natural modernos.<\/li>\n\n\n\n<li><strong>Protecci\u00f3n Probada Contra Desgaste<\/strong> \u2014 el sistema de aditivos basado en ZDDP ofrece protecci\u00f3n confiable para todos los componentes cr\u00edticos del motor en todas las condiciones de operaci\u00f3n.<\/li>\n\n\n\n<li><strong>Control Efectivo de Lodos y Dispersi\u00f3n de Limpieza<\/strong> \u2014 mantiene limpios los motores y despejados los conductos de aceite, previniendo las aver\u00edas por acumulaci\u00f3n de lodos habituales en motores antiguos sometidos a condiciones severas.<\/li>\n\n\n\n<li><strong>Compatible con Convertidor Catal\u00edtico<\/strong> \u2014 ayuda a preservar la eficiencia del TWC, favoreciendo el cumplimiento de las normas de emisiones y evitando costosos reemplazos del convertidor.<\/li>\n\n\n\n<li><strong>Pel\u00edcula lubricante estable a todas las velocidades<\/strong> \u2014 ofrece una protecci\u00f3n constante desde el ralent\u00ed hasta la velocidad m\u00e1xima, garantizando un rendimiento fiable en autopista, remolque y operaciones con cargas pesadas.<\/li>\n\n\n\n<li><strong>Simplicidad de un Solo Grado de Viscosidad<\/strong> \u2014 el grado universal 15W-40 cubre la gama m\u00e1s amplia posible de aplicaciones, minimizando la complejidad de inventario para distribuidores y minoristas.<\/li>\n\n\n\n<li><strong>Precios Optimizados por Valor<\/strong> \u2014 el precio por litro m\u00e1s competitivo de la gama ROCKEFELLER, que permite una m\u00e1xima penetraci\u00f3n en segmentos sensibles al precio.<\/li>\n\n\n\n<li><strong>Vida \u00fatil en estanter\u00eda de 5 a\u00f1os<\/strong> \u2014 ideal para distribuci\u00f3n remota, almacenamiento prolongado y mercados con ciclos de reabastecimiento irregulares.<\/li>\n\n\n\n<li><strong>Etiqueta Privada y Co-Branding Disponibles<\/strong> \u2014 opciones flexibles de marca para distribuidores que deseen crear sus propias l\u00edneas de productos.<\/li>\n\n\n\n<li><strong>Programa Integral B2B<\/strong> \u2014 TDS, MSDS, materiales de marketing multiling\u00fces, soporte de formaci\u00f3n t\u00e9cnica y gesti\u00f3n dedicada de cuentas de exportaci\u00f3n por el equipo global de ROCKEFELLER.<\/li>\n<\/ol>\n\n\n\n<h2 class=\"wp-block-heading\" id=\"rockefeller-gasoline-engine-oil-range-complete-tier-comparison\">Gama de Aceites para Motor de Gasolina ROCKEFELLER \u2014 Comparaci\u00f3n Completa por Categor\u00edas<\/h2>\n\n\n\n<figure class=\"wp-block-table\"><table class=\"has-fixed-layout\"><thead><tr><th>Caracter\u00edstica<\/th><th>F9<\/th><th>F7<\/th><th>F6<\/th><th>F5<\/th><th>F3<\/th><\/tr><\/thead><tbody><tr><td><strong>Clasificaci\u00f3n API<\/strong><\/td><td>SP<\/td><td>SP<\/td><td>SP<\/td><td>SL<\/td><td>SJ<\/td><\/tr><tr><td><strong>Clasificaci\u00f3n ACEA<\/strong><\/td><td>C3<\/td><td>C3<\/td><td>\u2014<\/td><td>\u2014<\/td><td>\u2014<\/td><\/tr><tr><td><strong>Aceite base<\/strong><\/td><td>Totalmente Sint\u00e9tico<\/td><td>Totalmente Sint\u00e9tico<\/td><td>Sint\u00e9tico + Hidrotratado Profundo<\/td><td>Mineral\/Semi-Sint\u00e9tico de Alto Rendimiento<\/td><td>Mineral<\/td><\/tr><tr><td><strong>Bajo SAPS<\/strong><\/td><td>S\u00ed<\/td><td>S\u00ed<\/td><td>\u2014<\/td><td>Bajo F\u00f3sforo<\/td><td>\u2014<\/td><\/tr><tr><td><strong>Protecci\u00f3n GPF\/DPF\/TWC<\/strong><\/td><td>S\u00ed<\/td><td>S\u00ed<\/td><td>\u2014<\/td><td>TWC<\/td><td>TWC<\/td><\/tr><tr><td><strong>Protecci\u00f3n LSPI<\/strong><\/td><td>S\u00ed<\/td><td>S\u00ed<\/td><td>S\u00ed<\/td><td>\u2014<\/td><td>\u2014<\/td><\/tr><tr><td><strong>P\u00e9rdida por Evaporaci\u00f3n<\/strong><\/td><td>Ultra Baja<\/td><td>Muy Baja<\/td><td>Bajo<\/td><td>Norma<\/td><td>Norma<\/td><\/tr><tr><td><strong>Rendimiento HTHS<\/strong><\/td><td>Premium<\/td><td>Mejorado<\/td><td>Norma<\/td><td>Norma<\/td><td>Norma<\/td><\/tr><tr><td><strong>Compatibilidad con sellos<\/strong><\/td><td>S\u00ed<\/td><td>S\u00ed<\/td><td>Destacado<\/td><td>Norma<\/td><td>Norma<\/td><\/tr><tr><td><strong>Arranque en Fr\u00edo<\/strong><\/td><td>Excelente<\/td><td>Excelente<\/td><td>Destacado<\/td><td>Bueno<\/td><td>Moderado (15W)<\/td><\/tr><tr><td><strong>Grados Disponibles<\/strong><\/td><td>5W-30, 5W-40<\/td><td>5W-30, 5W-40<\/td><td>5W-30, 5W-40<\/td><td>5W-30, 10W-40<\/td><td>15W-40<\/td><\/tr><tr><td><strong>Objetivo Principal<\/strong><\/td><td>Premium Europeo, Rendimiento<\/td><td>Especialista Europeo, Flota Premium<\/td><td>Multinacional Global, Volumen<\/td><td>Motores NA, Flotas Antiguas, Mercados Emergentes<\/td><td>Econ\u00f3mico, Universal, Flotas Antiguas<\/td><\/tr><tr><td><strong>Posicionamiento de Precio<\/strong><\/td><td>Ultra-Premium<\/td><td>Media Premium<\/td><td>Valor-Premium<\/td><td>Gama Media<\/td><td>Valor\/Econom\u00eda<\/td><\/tr><\/tbody><\/table><\/figure>","protected":false},"featured_media":997,"parent":0,"template":"","meta":{"_acf_changed":true,"_gspb_post_css":"","_kad_blocks_custom_css":"","_kad_blocks_head_custom_js":"","_kad_blocks_body_custom_js":"","_kad_blocks_footer_custom_js":"","_kad_post_transparent":"","_kad_post_title":"","_kad_post_layout":"","_kad_post_sidebar_id":"","_kad_post_content_style":"","_kad_post_vertical_padding":"","_kad_post_feature":"","_kad_post_feature_position":"","_kad_post_header":false,"_kad_post_footer":false,"_kad_post_classname":""},"product-category":[4],"class_list":["post-995","product","type-product","status-publish","has-post-thumbnail","hentry","product-category-gasoline-engine-oil"],"acf":[],"taxonomy_info":{"product-category":[{"value":4,"label":"Gasoline Engine Oil"}]},"featured_image_src_large":["https:\/\/felleroil.com\/wp-content\/uploads\/2026\/03\/SJ-F3-15W.jpg",800,800,false],"author_info":[],"comment_info":"","_links":{"self":[{"href":"https:\/\/felleroil.com\/es\/wp-json\/wp\/v2\/product\/995","targetHints":{"allow":["GET"]}}],"collection":[{"href":"https:\/\/felleroil.com\/es\/wp-json\/wp\/v2\/product"}],"about":[{"href":"https:\/\/felleroil.com\/es\/wp-json\/wp\/v2\/types\/product"}],"wp:featuredmedia":[{"embeddable":true,"href":"https:\/\/felleroil.com\/es\/wp-json\/wp\/v2\/media\/997"}],"wp:attachment":[{"href":"https:\/\/felleroil.com\/es\/wp-json\/wp\/v2\/media?parent=995"}],"wp:term":[{"taxonomy":"product-category","embeddable":true,"href":"https:\/\/felleroil.com\/es\/wp-json\/wp\/v2\/product-category?post=995"}],"curies":[{"name":"wp","href":"https:\/\/api.w.org\/{rel}","templated":true}]}}