{"id":1006,"date":"2026-03-24T02:59:07","date_gmt":"2026-03-24T02:59:07","guid":{"rendered":"https:\/\/feller.easiwin.cn\/?post_type=product&#038;p=1006"},"modified":"2026-03-24T02:59:08","modified_gmt":"2026-03-24T02:59:08","slug":"k8-performance-tier-ci-4-advanced-total-synthesis-diesel-engine-oil","status":"publish","type":"product","link":"https:\/\/felleroil.com\/es\/product\/k8-performance-tier-ci-4-advanced-total-synthesis-diesel-engine-oil\/","title":{"rendered":"Nivel de rendimiento K8 \u2014 CI-4 Aceite para motor di\u00e9sel de s\u00edntesis total avanzada"},"content":{"rendered":"<h2 class=\"wp-block-heading\" id=\"product-overview\">Resumen del Producto<\/h2>\n\n\n\n<p>El nivel de rendimiento K8 CI-4 es el <strong>caballo de batalla de alto rendimiento<\/strong> del portafolio de aceites para motores di\u00e9sel ROCKEFELLER \u2014 el nivel de producto que atiende al segmento m\u00e1s grande, exigente y cr\u00edtico operativamente de la flota global de motores di\u00e9sel comerciales. Formulado con <strong>aceite base sint\u00e9tico de alta calidad<\/strong> y una <strong>f\u00f3rmula de aditivos avanzada a nivel internacional<\/strong>, el K8 es <strong>dise\u00f1ado espec\u00edficamente para motores di\u00e9sel turboalimentados de s\u00faper servicio pesado<\/strong> \u2014 los motores que impulsan la infraestructura global de carga, construcci\u00f3n, miner\u00eda, agricultura y generaci\u00f3n de energ\u00eda de la econom\u00eda mundial.<\/p>\n\n\n\n<p><strong>API CI-4<\/strong> se introdujo en 2002 (con CI-4 PLUS que le sigui\u00f3 en 2004) para abordar los desaf\u00edos de lubricaci\u00f3n planteados por la introducci\u00f3n de <strong>sistemas de recirculaci\u00f3n de gases de escape (EGR)<\/strong> en motores di\u00e9sel. La tecnolog\u00eda EGR, obligatoria para reducir las emisiones de \u00f3xidos de nitr\u00f3geno (NOx), genera condiciones significativamente m\u00e1s exigentes para el aceite del motor:<\/p>\n\n\n\n<ul class=\"wp-block-list\">\n<li><strong>Mayor carga de holl\u00edn:<\/strong> EGR aumenta la cantidad de holl\u00edn que ingresa al aceite en un 50-200 % en comparaci\u00f3n con motores sin EGR<\/li>\n\n\n\n<li><strong>Temperaturas de operaci\u00f3n m\u00e1s altas:<\/strong> Los gases de escape recirculados elevan las temperaturas de combusti\u00f3n y del aceite<\/li>\n\n\n\n<li><strong>Entorno m\u00e1s \u00e1cido:<\/strong> EGR introduce subproductos \u00e1cidos adicionales de la combusti\u00f3n en el aceite<\/li>\n\n\n\n<li><strong>Mayor estr\u00e9s oxidativo:<\/strong> La combinaci\u00f3n de temperaturas m\u00e1s altas y gases m\u00e1s reactivos acelera la oxidaci\u00f3n del aceite<\/li>\n<\/ul>\n\n\n\n<p>El K8 est\u00e1 dise\u00f1ado para destacar bajo todas estas condiciones agravadas, ofreciendo protecci\u00f3n confiable para motores equipados con EGR mientras mantiene los intervalos de cambio extendidos, la presi\u00f3n de aceite estable y el rendimiento de motor limpio que los operadores comerciales necesitan.<\/p>\n\n\n\n<p>El K8 se fabrica con una <strong>vida \u00fatil de cinco a\u00f1os<\/strong> y est\u00e1 disponible en latas de 4 litros y cubos de 18 litros.<\/p>\n\n\n\n<h2 class=\"wp-block-heading\" id=\"key-functional-features-and-performance-benefits\">Caracter\u00edsticas funcionales clave y beneficios de rendimiento<\/h2>\n\n\n\n<p><strong>\u2605 Excelente resistencia de la pel\u00edcula de aceite a alta temperatura \u2014 Mejora la potencia del motor:<\/strong><br>El K8 ofrece una resistencia excepcional de la pel\u00edcula de aceite a alta temperatura \u2014 la capacidad del aceite para mantener una pel\u00edcula lubricante continua y resistente a la carga entre superficies en movimiento, incluso a las temperaturas elevadas generadas por motores di\u00e9sel turboalimentados modernos bajo carga pesada. Esta resistencia de la pel\u00edcula a alta temperatura es cr\u00edtica porque:<\/p>\n\n\n\n<ul class=\"wp-block-list\">\n<li><strong>Protecci\u00f3n de cojinetes:<\/strong> Los cojinetes principales y de biela en motores di\u00e9sel de servicio pesado experimentan cargas y temperaturas extremas. Una pel\u00edcula de aceite fuerte evita el contacto entre superficies de cojinetes, reduciendo el desgaste y previniendo fallos catastr\u00f3ficos.<\/li>\n\n\n\n<li><strong>Protecci\u00f3n del turbocompresor:<\/strong> Los cojinetes del eje del turbocompresor y las superficies de empuje operan a temperaturas superiores a 200 \u00b0C y velocidades de rotaci\u00f3n de hasta m\u00e1s de 200.000 RPM. Mantener la integridad de la pel\u00edcula de aceite en estos extremos es esencial para la longevidad del turbocompresor.<\/li>\n\n\n\n<li><strong>Protecci\u00f3n de pistones y segmentos:<\/strong> La interfaz entre segmentos del pist\u00f3n y la camisa del cilindro opera a las temperaturas m\u00e1s altas del motor. Una fuerte presencia de pel\u00edcula de aceite en esta interfaz reduce la fricci\u00f3n, el desgaste, el paso de gases y el consumo de aceite.<\/li>\n<\/ul>\n\n\n\n<p>Al mantener pel\u00edculas de aceite robustas a todas las temperaturas de operaci\u00f3n, el K8 reduce la fricci\u00f3n interna y las p\u00e9rdidas par\u00e1sitas, permitiendo que m\u00e1s potencia del motor llegue a la l\u00ednea de transmisi\u00f3n. Esto se traduce en una potencia de motor notablemente mejorada, mejor aceleraci\u00f3n bajo carga y una operaci\u00f3n m\u00e1s eficiente.<\/p>\n\n\n\n<p><strong>\u2605 Presi\u00f3n de aceite estable y duradera \u2014 Veh\u00edculo f\u00e1cil de manejar:<\/strong><br>Una presi\u00f3n de aceite consistente y estable es la base de la operaci\u00f3n confiable de un motor di\u00e9sel. El K8 est\u00e1 formulado para mantener sus caracter\u00edsticas de viscosidad dise\u00f1adas durante todo el intervalo de cambio, a pesar de los efectos que alteran la viscosidad por acumulaci\u00f3n de holl\u00edn, oxidaci\u00f3n, diluci\u00f3n de combustible y cizallamiento mec\u00e1nico. Esta presi\u00f3n de aceite estable y duradera:<\/p>\n\n\n\n<ul class=\"wp-block-list\">\n<li>Asegura una lubricaci\u00f3n consistente de cojinetes bajo todas las condiciones de operaci\u00f3n<\/li>\n\n\n\n<li>Mantiene la funci\u00f3n hidr\u00e1ulica adecuada de los inyectores electr\u00f3nicos de unidad (EUI) y los ajustadores hidr\u00e1ulicos de holgura de v\u00e1lvulas<\/li>\n\n\n\n<li>Proporciona lubricaci\u00f3n consistente de los cojinetes del eje del turbocompresor<\/li>\n\n\n\n<li>Ofrece un comportamiento predecible del motor que hace que el veh\u00edculo sea f\u00e1cil de manejar \u2014 el operador experimenta una entrega de potencia consistente, respuesta al acelerador y suavidad del motor de un cambio de aceite al siguiente<\/li>\n<\/ul>\n\n\n\n<p>Para los gerentes de flotas, la presi\u00f3n de aceite estable tambi\u00e9n significa tendencias estables en los an\u00e1lisis de aceite, facilitando la implementaci\u00f3n de programas de mantenimiento basados en condiciones y la detecci\u00f3n temprana de problemas en desarrollo.<\/p>\n\n\n\n<p><strong>\u2605 Excelente capacidad de neutralizaci\u00f3n de \u00e1cidos y capacidad antioxidante \u2014 Prolonga el intervalo de cambio de aceite y ahorra costos:<\/strong><br>El K8 cuenta con una alta reserva de n\u00famero total de base (TBN) que neutraliza eficazmente los subproductos \u00e1cidos de la combusti\u00f3n generados durante la combusti\u00f3n di\u00e9sel \u2014 particularmente \u00e1cidos sulf\u00farico y n\u00edtrico. Esta capacidad de neutralizaci\u00f3n de \u00e1cidos es cr\u00edtica porque:<\/p>\n\n\n\n<ul class=\"wp-block-list\">\n<li><strong>Prevenci\u00f3n de corrosi\u00f3n:<\/strong> Los \u00e1cidos no neutralizados atacan las superficies de cojinetes, camisas de cilindros y otros componentes precisos del motor, causando desgaste corrosivo que puede llevar a da\u00f1os r\u00e1pidos y costosos en el motor.<\/li>\n\n\n\n<li><strong>Intervalos de drenaje extendidos:<\/strong> La tasa de depleci\u00f3n del TBN es uno de los factores principales que determinan cu\u00e1ndo se requiere un cambio de aceite. El alto TBN inicial del K8 y su qu\u00edmica de neutralizaci\u00f3n eficiente permiten intervalos de cambio significativamente m\u00e1s largos \u2014 reduciendo los costos de compra de aceite, mano de obra, tiempo de inactividad del veh\u00edculo y vol\u00famenes de aceite residual.<\/li>\n<\/ul>\n\n\n\n<p>El avanzado sistema antioxidante del K8 trabaja en sinergia con la reserva de TBN, previniendo que el aceite se descomponga y forme subproductos oxidativos perjudiciales (\u00e1cidos, lodos, barnices, residuos de carbono) que de otro modo acelerar\u00edan el desgaste y acortar\u00edan los intervalos de cambio.<\/p>\n\n\n\n<p>Para los operadores de flotas comerciales, la capacidad de cambio extendido del K8 genera ahorros sustanciales de costos:<\/p>\n\n\n\n<ul class=\"wp-block-list\">\n<li>Intervalo de cambio t\u00edpico de aceite mineral: 10.000\u201315.000 km<\/li>\n\n\n\n<li>Intervalo de cambio K8 CI-4 sint\u00e9tico: 30.000\u201350.000+ km (dependiendo de las condiciones de operaci\u00f3n y la calidad del combustible)<\/li>\n\n\n\n<li>Reducci\u00f3n en cambios de aceite anuales: 50-70 %<\/li>\n\n\n\n<li>Ahorros asociados en costos de aceite, filtros, mano de obra y tiempo de inactividad del veh\u00edculo<\/li>\n<\/ul>\n\n\n\n<p><strong>\u2605 Control efectivo de la corrosi\u00f3n, el desgaste, los lodos del aceite del motor y los dep\u00f3sitos a alta temperatura:<\/strong><br>El paquete integral de aditivos del K8 proporciona una protecci\u00f3n multifac\u00e9tica contra las cuatro formas principales de degradaci\u00f3n del motor:<\/p>\n\n\n\n<ul class=\"wp-block-list\">\n<li><strong>Control de la corrosi\u00f3n:<\/strong> Los aditivos anticorrosivos forman pel\u00edculas protectoras en superficies de cojinetes de cobre, plomo y esta\u00f1o, as\u00ed como en componentes ferrosos, previniendo el ataque \u00e1cido y la corrosi\u00f3n electroqu\u00edmica.<\/li>\n\n\n\n<li><strong>Control del desgaste:<\/strong> Aditivos antidesgaste avanzados forman tribopel\u00edculas sacrificables en superficies de alta presi\u00f3n de contacto, reduciendo el contacto metal-metal y prolongando la vida \u00fatil de los componentes.<\/li>\n\n\n\n<li><strong>Control de lodos:<\/strong> Dispersantes potentes mantienen el holl\u00edn, productos de oxidaci\u00f3n y otros contaminantes suspendidos en el aceite, previniendo la formaci\u00f3n de lodos que pueden obstruir los conductos de aceite y privar a los componentes de lubricaci\u00f3n.<\/li>\n\n\n\n<li><strong>Control de dep\u00f3sitos a alta temperatura:<\/strong> Aditivos detergentes robustos mantienen limpias las coronas de pist\u00f3n, ranuras de anillos y superficies subcoro na de los dep\u00f3sitos de carbono y barniz que se acumulan durante operaciones a alta temperatura y alta carga. Los pistones limpios mantienen la funci\u00f3n adecuada de los anillos, compresi\u00f3n \u00f3ptima y transferencia eficiente de calor.<\/li>\n<\/ul>\n\n\n\n<p><strong>\u2605 Protecci\u00f3n efectiva de EGR \u2014 Cumplir con los requisitos de emisiones Euro IV para la lubricaci\u00f3n de motores di\u00e9sel:<\/strong><br>El K8 est\u00e1 formulado espec\u00edficamente para proteger los sistemas de recirculaci\u00f3n de gases de escape (EGR), la tecnolog\u00eda principal de reducci\u00f3n de NOx utilizada en motores di\u00e9sel Euro IV y muchos Euro V. Los sistemas EGR recirculan una porci\u00f3n de gases de escape de vuelta al colector de admisi\u00f3n, reduciendo las temperaturas pico de combusti\u00f3n y la formaci\u00f3n de NOx. Sin embargo, la operaci\u00f3n de EGR crea desaf\u00edos significativos para el aceite del motor:<\/p>\n\n\n\n<ul class=\"wp-block-list\">\n<li><strong>Incrustaciones en el enfriador EGR:<\/strong> Vapor de aceite y holl\u00edn pueden depositarse en los conductos del enfriador EGR, reduciendo la eficiencia de transferencia de calor y eventualmente obstruyendo el enfriador<\/li>\n\n\n\n<li><strong>Dep\u00f3sitos en la v\u00e1lvula EGR:<\/strong> Dep\u00f3sitos de carbono y barniz en la v\u00e1lvula EGR pueden causar atascos, llevando a tasas de flujo EGR inadecuadas e incumplimiento de las normas de emisiones<\/li>\n\n\n\n<li><strong>Aumento de la contaminaci\u00f3n del aceite:<\/strong> EGR introduce gases \u00e1cidos adicionales y holl\u00edn en el aceite<\/li>\n<\/ul>\n\n\n\n<p>La formulaci\u00f3n del K8 est\u00e1 optimizada para minimizar las incrustaciones en el sistema EGR mientras mantiene la capacidad del aceite para neutralizar la mayor carga \u00e1cida y dispersar el holl\u00edn adicional generado por la operaci\u00f3n de EGR. Esto asegura que el sistema EGR contin\u00fae funcionando de manera eficiente a lo largo de su vida \u00fatil, manteniendo el cumplimiento de las normas de emisiones y evitando las costosas reparaciones asociadas con fallos del sistema EGR ($1,000\u2013$5,000+ por reparaci\u00f3n).<\/p>\n\n\n\n<h2 class=\"wp-block-heading\" id=\"technical-specifications\">Especificaciones t\u00e9cnicas<\/h2>\n\n\n\n<figure class=\"wp-block-table\"><table class=\"has-fixed-layout\"><thead><tr><th>Par\u00e1metro<\/th><th>K8 CI-4<\/th><\/tr><\/thead><tbody><tr><td><strong>Clasificaci\u00f3n API<\/strong><\/td><td>CI-4 \/ CI-4 PLUS<\/td><\/tr><tr><td><strong>Nivel de rendimiento<\/strong><\/td><td>K8 (Alto Rendimiento)<\/td><\/tr><tr><td><strong>Tipo de Aceite Base<\/strong><\/td><td>Sint\u00e9tico de Alta Calidad<\/td><\/tr><tr><td><strong>Resistencia de la Pel\u00edcula de Aceite a Alta Temperatura<\/strong><\/td><td>Excelente<\/td><\/tr><tr><td><strong>Estabilidad de la Presi\u00f3n de Aceite<\/strong><\/td><td>De Larga Duraci\u00f3n<\/td><\/tr><tr><td><strong>Neutralizaci\u00f3n de \u00c1cidos (TBN)<\/strong><\/td><td>Alta<\/td><\/tr><tr><td><strong>Antioxidaci\u00f3n<\/strong><\/td><td>Excelente<\/td><\/tr><tr><td><strong>Protecci\u00f3n EGR<\/strong><\/td><td>S\u00ed<\/td><\/tr><tr><td><strong>Cumplimiento de Emisiones<\/strong><\/td><td>Euro IV<\/td><\/tr><tr><td><strong>Dispersi\u00f3n de Holl\u00edn<\/strong><\/td><td>Avanzada<\/td><\/tr><tr><td><strong>Control de Dep\u00f3sitos<\/strong><\/td><td>Excelente (Pist\u00f3n + Lodos)<\/td><\/tr><tr><td><strong>Protecci\u00f3n contra Corrosi\u00f3n<\/strong><\/td><td>Integral<\/td><\/tr><tr><td><strong>Compatibilidad hacia atr\u00e1s<\/strong><\/td><td>CH-4, CG-4, CF-4, CF, CE y anteriores<\/td><\/tr><tr><td><strong>Envases disponibles<\/strong><\/td><td>Lata de 4 L, cubo de 18 L, tambor de 208 L<\/td><\/tr><tr><td><strong>Vida \u00fatil en estanter\u00eda<\/strong><\/td><td>5 a\u00f1os<\/td><\/tr><\/tbody><\/table><\/figure>\n\n\n\n<h2 class=\"wp-block-heading\" id=\"application-areas-and-compatible-vehicles-equipment\">\u00c1reas de aplicaci\u00f3n y veh\u00edculos\/equipos compatibles<\/h2>\n\n\n\n<h3 class=\"wp-block-heading\" id=\"super-heavy-duty-turbocharged-diesel-engines-primary-application\">Motores Di\u00e9sel Turbodi\u00e9sel de S\u00faper Alta Demanda (Aplicaci\u00f3n Principal)<\/h3>\n\n\n\n<ul class=\"wp-block-list\">\n<li><strong>Camiones Pesados de Carretera:<\/strong> Todas las principales plataformas OEM \u2014 FAW Jiefang, Dongfeng, Sinotruk HOWO, SHACMAN, Foton Auman, Beiben, CAMC, JAC (chinas); Mercedes-Benz, Volvo, Scania, MAN, DAF, IVECO, Renault (europeas); Freightliner, Kenworth, Peterbilt, International, Mack (americanas); Isuzu, Hino, Mitsubishi Fuso, UD Trucks (japonesas); Hyundai, Tata-Daewoo (coreanas\/indias)<\/li>\n\n\n\n<li><strong>Camiones Medianos:<\/strong> Isuzu Forward\/FTR\/FVR, Hino Ranger, Mitsubishi Fuso Fighter, Dongfeng Tianjin, FAW J6L, SHACMAN F2000\/F3000 medianos, Foton Aumark, JAC Junling<\/li>\n\n\n\n<li><strong>Veh\u00edculos Comerciales Di\u00e9sel Ligeros:<\/strong> Toyota Hilux, HiAce; Nissan Navara, NV350; Mitsubishi L200\/Triton; Ford Ranger, Transit; Mercedes-Benz Sprinter; VW Crafter; camiones ligeros Isuzu D-Max, NLR\/NMR\/NPR<\/li>\n<\/ul>\n\n\n\n<h3 class=\"wp-block-heading\" id=\"bus-and-coach-operations\">Operaciones de Autobuses y Coches<\/h3>\n\n\n\n<ul class=\"wp-block-list\">\n<li><strong>Autobuses Interurbanos y de Turismo:<\/strong> Yutong, King Long, Golden Dragon, Zhongtong, Ankai, Foton AUV, Higer \u2014 todas las plataformas de autobuses di\u00e9sel<\/li>\n\n\n\n<li><strong>Autobuses de Tr\u00e1nsito Urbano:<\/strong> Flotas de autobuses urbanos que operan en entornos citadinos con ciclos de alto paradas y arranques<\/li>\n\n\n\n<li><strong>Autobuses Escolares y de Uso Especial:<\/strong> Transporte escolar, lanzaderas para empleados, transporte m\u00e9dico, transportes de personal militar<\/li>\n<\/ul>\n\n\n\n<h3 class=\"wp-block-heading\" id=\"construction-and-mining-equipment\">Equipos de construcci\u00f3n y miner\u00eda<\/h3>\n\n\n\n<ul class=\"wp-block-list\">\n<li><strong>Excavadoras:<\/strong> serie Caterpillar 320\/330\/345\/390; serie Komatsu PC200\/PC300\/PC400\/PC800; serie Volvo EC220\/EC300\/EC480; serie Hitachi ZX200\/ZX350\/ZX470; SANY SY215\/SY365\/SY485; XCMG XE215\/XE370\/XE490; Doosan DX225\/DX340\/DX520; Kobelco SK200\/SK350\/SK500; Liugong 920\/936\/970; Lonking CDM6225\/CDM6365<\/li>\n\n\n\n<li><strong>Cargadores de ruedas:<\/strong> Caterpillar 950\/966\/980; Komatsu WA380\/WA470\/WA500; Volvo L120\/L150\/L220; SDLG LG956\/LG958; Liugong CLG856\/CLG862\/CLG886; XCMG LW500\/LW600\/LW800; Lonking CDM856\/CDM858<\/li>\n\n\n\n<li><strong>Buld\u00f3zeres:<\/strong> Caterpillar D6\/D7\/D8\/D9; Komatsu D65\/D85\/D155; Shantui SD16\/SD22\/SD32<\/li>\n\n\n\n<li><strong>Gr\u00faas:<\/strong> Gr\u00faas m\u00f3viles (Liebherr, Tadano, XCMG, Zoomlion, SANY); Gr\u00faas torre; Gr\u00faas sobre orugas<\/li>\n\n\n\n<li><strong>Equipos de construcci\u00f3n vial:<\/strong> Extendedoras de asfalto, rodillos de carretera, motoniveladoras, fresadoras (BOMAG, Wirtgen, Caterpillar, XCMG, SANY)<\/li>\n<\/ul>\n\n\n\n<h3 class=\"wp-block-heading\" id=\"agricultural-machinery\">Maquinaria agr\u00edcola<\/h3>\n\n\n\n<ul class=\"wp-block-list\">\n<li><strong>Tractores de alta potencia (100+ HP):<\/strong> serie John Deere 6R\/7R\/8R\/9R; Case IH Magnum, Puma; New Holland T7\/T8\/T9; AGCO\/Massey Ferguson MF7700\/MF8700; Kubota M7; Lovol P2504; serie YTO LX<\/li>\n\n\n\n<li><strong>Cosechadoras combinadas:<\/strong> serie John Deere S700; Case IH Axial-Flow; New Holland CR; Lovol GE80\/GF60; Zoomlion AF88; serie CFLD GK<\/li>\n\n\n\n<li><strong>Pulverizadoras autopropulsadas:<\/strong> serie John Deere 4; Case IH Patriot; AGCO RoGator\/TerraGator<\/li>\n<\/ul>\n\n\n\n<h3 class=\"wp-block-heading\" id=\"power-generation\">Generaci\u00f3n de Energ\u00eda<\/h3>\n\n\n\n<ul class=\"wp-block-list\">\n<li><strong>Generadores de energ\u00eda principal y de reserva:<\/strong> Cummins (motores de las series B\/C\/L\/QSK\/QST\/KTA); Caterpillar (C4.4\/C7.1\/C9.3\/C13\/C15\/C18\/C32); Perkins (series 400\/1100\/1200\/1500\/2500\/4000); Volvo Penta (series TAD\/TWD); MTU (series 1600\/2000\/4000); Yuchai (YC4D\/YC6A\/YC6B\/YC6C\/YC6K\/YC6L\/YC6MK); Weichai (WP4\/WP6\/WP7\/WP10\/WP12\/WP13); Doosan (series DP\/DPU)<\/li>\n\n\n\n<li><strong>Sectores de aplicaci\u00f3n:<\/strong> Respaldo para torres de telecomunicaciones, respaldo para centros de datos, energ\u00eda de emergencia para hospitales, reserva para plantas industriales, energ\u00eda para sitios de construcci\u00f3n, energ\u00eda para sitios mineros, generadores de campo militar, energ\u00eda para ayuda en desastres<\/li>\n<\/ul>\n\n\n\n<h3 class=\"wp-block-heading\" id=\"marine-applications\">Aplicaciones marinas<\/h3>\n\n\n\n<ul class=\"wp-block-list\">\n<li><strong>Motores para buques pesqueros:<\/strong> Motores di\u00e9sel marinos Yuchai, Weichai y Cummins que impulsan flotas comerciales de pesca<\/li>\n\n\n\n<li><strong>Embarcaciones de aguas interiores:<\/strong> Barcazas de transporte fluvial, ferries y buques de carga<\/li>\n\n\n\n<li><strong>Embarcaciones de apoyo costero y offshore:<\/strong> Barcos de suministro, embarcaciones de tripulaci\u00f3n y embarcaciones utilitarias<\/li>\n<\/ul>\n\n\n\n<h2 class=\"wp-block-heading\" id=\"target-customers-and-b2b-solutions\">Clientes Objetivo y Soluciones B2B<\/h2>\n\n\n\n<p><strong>Grandes operadores de flotas comerciales:<\/strong> El K8 CI-4 es el <strong>l\u00edder en volumen<\/strong> en la gama di\u00e9sel ROCKEFELLER, dise\u00f1ado para empresas nacionales de transporte, proveedores de log\u00edstica, constructoras, operadores mineros y empresas agr\u00edcolas que gestionan grandes flotas de veh\u00edculos y equipos di\u00e9sel pesados. El K8 ofrece la combinaci\u00f3n esencial de rendimiento, protecci\u00f3n, capacidad de extensi\u00f3n de intervalos de cambio y eficiencia de costos que exigen las operaciones de grandes flotas.<\/p>\n\n\n\n<p><strong>Distribuidores nacionales y regionales:<\/strong> El K8 es el <strong>producto ancla<\/strong> para la distribuci\u00f3n de aceites di\u00e9sel ROCKEFELLER: el SKU que genera el mayor volumen, los pedidos repetidos m\u00e1s consistentes y la cobertura de mercado m\u00e1s amplia. La especificaci\u00f3n API CI-4 sigue siendo dominante en la mayor\u00eda de los mercados mundiales de aceites di\u00e9sel, lo que convierte al K8 en el producto en torno al cual los distribuidores pueden construir todo su negocio de lubricantes di\u00e9sel.<\/p>\n\n\n\n<p><strong>Empresas de construcci\u00f3n y miner\u00eda:<\/strong> Las empresas que operan flotas de equipos pesados de construcci\u00f3n y miner\u00eda (Caterpillar, Komatsu, Volvo CE, SANY, XCMG, etc.) requieren lubricantes de grado CI-4 capaces de soportar las condiciones extremas de estos entornos: altas cargas de polvo, temperaturas extremas, horas de operaci\u00f3n prolongadas y cargas pesadas. El excelente control de dep\u00f3sitos, dispersi\u00f3n de holl\u00edn y alta reserva de TBN del K8 lo hacen ideal para estas aplicaciones.<\/p>\n\n\n\n<p><strong>Mantenimiento de flotas gubernamentales y militares:<\/strong> Las flotas de veh\u00edculos gubernamentales, la log\u00edstica militar y los departamentos de obras p\u00fablicas que operan veh\u00edculos y equipos di\u00e9sel pesados pueden estandarizar en el K8 para todas las aplicaciones CI-4, simplificando las adquisiciones y garantizando calidad consistente en diversos tipos de equipos.<\/p>\n\n\n\n<p><strong>Distribuidores y cooperativas de equipos agr\u00edcolas:<\/strong> Los concesionarios de equipos agr\u00edcolas y cooperativas agrarias pueden ofrecer el K8 como su recomendaci\u00f3n premium de aceite di\u00e9sel para tractores de alta potencia, cosechadoras combinadas y otros equipos de granja donde se especifica calidad CI-4.<\/p>\n\n\n\n<p><strong>Empresas de servicios de generaci\u00f3n de energ\u00eda:<\/strong> Las empresas especializadas en mantenimiento de generadores, generadores de alquiler y soluciones de energ\u00eda de reserva pueden estandarizar en el K8 para todos los motores de generadores especificados con CI-4.<\/p>\n\n\n\n<h2 class=\"wp-block-heading\" id=\"why-choose-k8-ci-4-for-your-business\">\u00bfPor qu\u00e9 elegir K8 CI-4 para su negocio?<\/h2>\n\n\n\n<ol class=\"wp-block-list\">\n<li><strong>Aceite base sint\u00e9tico de alta calidad<\/strong> \u2014 que proporciona superior estabilidad t\u00e9rmica, resistencia a la oxidaci\u00f3n y capacidad de extensi\u00f3n de drenaje<\/li>\n\n\n\n<li><strong>Excelente resistencia de la pel\u00edcula de aceite a altas temperaturas<\/strong> \u2014 protege rodamientos, turbocompresores y anillos de pist\u00f3n en condiciones de carga m\u00e1xima<\/li>\n\n\n\n<li><strong>Presi\u00f3n de aceite estable de larga duraci\u00f3n<\/strong> \u2014 garantiza un rendimiento constante del motor y la confianza del operador durante todo el intervalo de drenaje<\/li>\n\n\n\n<li><strong>Alta reserva de TBN<\/strong> \u2014 neutraliza \u00e1cidos de la combusti\u00f3n y del azufre del combustible, previniendo el desgaste corrosivo<\/li>\n\n\n\n<li><strong>Sistema avanzado antioxidadante<\/strong> \u2014 prolonga la vida \u00fatil del aceite y mantiene la limpieza durante intervalos de drenaje extendidos<\/li>\n\n\n\n<li><strong>Control integral de dep\u00f3sitos y lodos<\/strong> \u2014 mantiene los motores limpios para m\u00e1xima eficiencia y m\u00ednimo mantenimiento<\/li>\n\n\n\n<li><strong>Protecci\u00f3n del sistema EGR<\/strong> \u2014 previene el ensuciamiento del enfriador EGR y el atascamiento de v\u00e1lvulas, manteniendo el cumplimiento normativo de emisiones<\/li>\n\n\n\n<li><strong>Certificado API CI-4\/CI-4 PLUS<\/strong> \u2014 compatible hacia atr\u00e1s con CH-4, CG-4, CF-4, CF y todas las categor\u00edas di\u00e9sel anteriores<\/li>\n\n\n\n<li><strong>Mayor aplicabilidad en el mercado<\/strong> \u2014 CI-4 es la especificaci\u00f3n de aceite di\u00e9sel de servicio pesado m\u00e1s utilizada en el mundo<\/li>\n\n\n\n<li><strong>Optimizado para distribuci\u00f3n por volumen<\/strong> \u2014 precios competitivos con una estructura de m\u00e1rgenes s\u00f3lida en redes de distribuci\u00f3n multinivel<\/li>\n<\/ol>","protected":false},"featured_media":1007,"parent":0,"template":"","meta":{"_acf_changed":true,"_gspb_post_css":"","_kad_blocks_custom_css":"","_kad_blocks_head_custom_js":"","_kad_blocks_body_custom_js":"","_kad_blocks_footer_custom_js":"","_kad_post_transparent":"","_kad_post_title":"","_kad_post_layout":"","_kad_post_sidebar_id":"","_kad_post_content_style":"","_kad_post_vertical_padding":"","_kad_post_feature":"","_kad_post_feature_position":"","_kad_post_header":false,"_kad_post_footer":false,"_kad_post_classname":""},"product-category":[5],"class_list":["post-1006","product","type-product","status-publish","has-post-thumbnail","hentry","product-category-diesel-engine-oil"],"acf":[],"taxonomy_info":{"product-category":[{"value":5,"label":"Diesel Engine Oil"}]},"featured_image_src_large":["https:\/\/felleroil.com\/wp-content\/uploads\/2026\/03\/CI-4.jpg",800,800,false],"author_info":[],"comment_info":"","_links":{"self":[{"href":"https:\/\/felleroil.com\/es\/wp-json\/wp\/v2\/product\/1006","targetHints":{"allow":["GET"]}}],"collection":[{"href":"https:\/\/felleroil.com\/es\/wp-json\/wp\/v2\/product"}],"about":[{"href":"https:\/\/felleroil.com\/es\/wp-json\/wp\/v2\/types\/product"}],"wp:featuredmedia":[{"embeddable":true,"href":"https:\/\/felleroil.com\/es\/wp-json\/wp\/v2\/media\/1007"}],"wp:attachment":[{"href":"https:\/\/felleroil.com\/es\/wp-json\/wp\/v2\/media?parent=1006"}],"wp:term":[{"taxonomy":"product-category","embeddable":true,"href":"https:\/\/felleroil.com\/es\/wp-json\/wp\/v2\/product-category?post=1006"}],"curies":[{"name":"wp","href":"https:\/\/api.w.org\/{rel}","templated":true}]}}